{"id":27484,"date":"2025-11-24T16:30:12","date_gmt":"2025-11-24T15:30:12","guid":{"rendered":"https:\/\/stampcurio.com\/product\/1898-magyarorszag-zagrab-pakrac-5-kg-ertekbiztositott-csomag-ii-tavolsagi-zona-ritka-horvat-magyar-urlap\/"},"modified":"2026-01-07T16:51:54","modified_gmt":"2026-01-07T15:51:54","slug":"1898-magyarorszag-zagrabbol-pakracra-kuldott-ii-tavolsagi-zona-5-kg-sulyu-ertekbiztositott-csomag-ritka-horvat-magyar-urlap","status":"publish","type":"product","link":"https:\/\/stampcurio.com\/hu\/termek\/1898-magyarorszag-zagrabbol-pakracra-kuldott-ii-tavolsagi-zona-5-kg-sulyu-ertekbiztositott-csomag-ritka-horvat-magyar-urlap\/","title":{"rendered":"1898 Magyarorsz\u00e1g &#8211; Z\u00e1gr\u00e1bb\u00f3l Pakracra k\u00fcld\u00f6tt (II. t\u00e1vols\u00e1gi z\u00f3na) 5 kg s\u00faly\u00fa \u00e9rt\u00e9kbiztos\u00edtott csomag, ritka horv\u00e1t-magyar \u0171rlap"},"content":{"rendered":"","protected":false},"excerpt":{"rendered":"","protected":false},"featured_media":29110,"template":"","meta":[],"product_brand":[],"product_cat":[1192,1172],"product_tag":[1669,116,74,1041,89,157,1006],"class_list":{"0":"post-27484","1":"product","2":"type-product","3":"status-publish","4":"has-post-thumbnail","6":"product_cat-horvatorszag","7":"product_cat-magyarorszag","8":"product_tag-3rd-auction","9":"product_tag-belyeg","10":"product_tag-dijjegyes","11":"product_tag-marcophily-hu","12":"product_tag-postatortenet","13":"product_tag-szallitolevel","14":"product_tag-unsold","16":"first","17":"instock","18":"sold-individually","19":"shipping-taxable","20":"purchasable","21":"product-type-simple"},"_links":{"self":[{"href":"https:\/\/stampcurio.com\/hu\/wp-json\/wp\/v2\/product\/27484","targetHints":{"allow":["GET"]}}],"collection":[{"href":"https:\/\/stampcurio.com\/hu\/wp-json\/wp\/v2\/product"}],"about":[{"href":"https:\/\/stampcurio.com\/hu\/wp-json\/wp\/v2\/types\/product"}],"wp:featuredmedia":[{"embeddable":true,"href":"https:\/\/stampcurio.com\/hu\/wp-json\/wp\/v2\/media\/29110"}],"wp:attachment":[{"href":"https:\/\/stampcurio.com\/hu\/wp-json\/wp\/v2\/media?parent=27484"}],"wp:term":[{"taxonomy":"product_brand","embeddable":true,"href":"https:\/\/stampcurio.com\/hu\/wp-json\/wp\/v2\/product_brand?post=27484"},{"taxonomy":"product_cat","embeddable":true,"href":"https:\/\/stampcurio.com\/hu\/wp-json\/wp\/v2\/product_cat?post=27484"},{"taxonomy":"product_tag","embeddable":true,"href":"https:\/\/stampcurio.com\/hu\/wp-json\/wp\/v2\/product_tag?post=27484"}],"curies":[{"name":"wp","href":"https:\/\/api.w.org\/{rel}","templated":true}]}}