{"id":27483,"date":"2025-11-24T16:30:11","date_gmt":"2025-11-24T15:30:11","guid":{"rendered":"https:\/\/stampcurio.com\/product\/1891-magyarorszag-moravicza-6-kg-ertekbiztositott-csomag-i-tavolsagi-zona-3-kr-alulbermentesitessel-porto-nelkul\/"},"modified":"2025-12-05T04:02:10","modified_gmt":"2025-12-05T03:02:10","slug":"1891-magyarorszag-moraviczarol-temesvarra-kuldott-6-kg-sulyu-ertekbiztositott-csomag-szallitolevele","status":"publish","type":"product","link":"https:\/\/stampcurio.com\/hu\/termek\/1891-magyarorszag-moraviczarol-temesvarra-kuldott-6-kg-sulyu-ertekbiztositott-csomag-szallitolevele\/","title":{"rendered":"1891 Magyarorsz\u00e1g &#8211; Moravicz\u00e1r\u00f3l Temesv\u00e1rra k\u00fcld\u00f6tt 6 kg s\u00faly\u00fa \u00e9rt\u00e9kbiztos\u00edtott csomag sz\u00e1ll\u00edt\u00f3levele."},"content":{"rendered":"","protected":false},"excerpt":{"rendered":"<p>A k\u00fcldem\u00e9ny 3 kr alulb\u00e9rmentes\u00edt\u00e9ssel (az \u00e9rt\u00e9kbiztos\u00edt\u00e1si d\u00edj nincs megfizetve) lett feladva, de a d\u00edjhi\u00e1ny \u00e9szrev\u00e9tlen maradt.<\/p>\n","protected":false},"featured_media":29114,"template":"","meta":[],"product_brand":[],"product_cat":[1172,1208],"product_tag":[1669,116,74,1041,89,157],"class_list":{"0":"post-27483","1":"product","2":"type-product","3":"status-publish","4":"has-post-thumbnail","6":"product_cat-magyarorszag","7":"product_cat-romania","8":"product_tag-3rd-auction","9":"product_tag-belyeg","10":"product_tag-dijjegyes","11":"product_tag-marcophily-hu","12":"product_tag-postatortenet","13":"product_tag-szallitolevel","15":"first","16":"outofstock","17":"sold-individually","18":"shipping-taxable","19":"purchasable","20":"product-type-simple"},"_links":{"self":[{"href":"https:\/\/stampcurio.com\/hu\/wp-json\/wp\/v2\/product\/27483","targetHints":{"allow":["GET"]}}],"collection":[{"href":"https:\/\/stampcurio.com\/hu\/wp-json\/wp\/v2\/product"}],"about":[{"href":"https:\/\/stampcurio.com\/hu\/wp-json\/wp\/v2\/types\/product"}],"wp:featuredmedia":[{"embeddable":true,"href":"https:\/\/stampcurio.com\/hu\/wp-json\/wp\/v2\/media\/29114"}],"wp:attachment":[{"href":"https:\/\/stampcurio.com\/hu\/wp-json\/wp\/v2\/media?parent=27483"}],"wp:term":[{"taxonomy":"product_brand","embeddable":true,"href":"https:\/\/stampcurio.com\/hu\/wp-json\/wp\/v2\/product_brand?post=27483"},{"taxonomy":"product_cat","embeddable":true,"href":"https:\/\/stampcurio.com\/hu\/wp-json\/wp\/v2\/product_cat?post=27483"},{"taxonomy":"product_tag","embeddable":true,"href":"https:\/\/stampcurio.com\/hu\/wp-json\/wp\/v2\/product_tag?post=27483"}],"curies":[{"name":"wp","href":"https:\/\/api.w.org\/{rel}","templated":true}]}}