{"id":27481,"date":"2025-11-24T16:30:11","date_gmt":"2025-11-24T15:30:11","guid":{"rendered":"https:\/\/stampcurio.com\/product\/1891-magyarorszag-szenthubert-5-kg-ertekbiztositott-csomag-i-tavolsagi-zona\/"},"modified":"2026-01-05T15:05:01","modified_gmt":"2026-01-05T14:05:01","slug":"1891-magyarorszag-szenthubertrol-temesvarra-i-tavolsagi-zona-kuldott-5-kg-sulyu-ertekbiztositott-csomag-szallitolevele","status":"publish","type":"product","link":"https:\/\/stampcurio.com\/hu\/termek\/1891-magyarorszag-szenthubertrol-temesvarra-i-tavolsagi-zona-kuldott-5-kg-sulyu-ertekbiztositott-csomag-szallitolevele\/","title":{"rendered":"1891 Magyarorsz\u00e1g &#8211; Szenthubertr\u0151l Temesv\u00e1rra (I. t\u00e1vols\u00e1gi z\u00f3na) k\u00fcld\u00f6tt 5 kg s\u00faly\u00fa \u00e9rt\u00e9kbiztos\u00edtott csomag sz\u00e1ll\u00edt\u00f3levele"},"content":{"rendered":"","protected":false},"excerpt":{"rendered":"","protected":false},"featured_media":29132,"template":"","meta":[],"product_brand":[],"product_cat":[1172,1245],"product_tag":[1669,116,74,1041,89,157,1006],"class_list":{"0":"post-27481","1":"product","2":"type-product","3":"status-publish","4":"has-post-thumbnail","6":"product_cat-magyarorszag","7":"product_cat-szerbia","8":"product_tag-3rd-auction","9":"product_tag-belyeg","10":"product_tag-dijjegyes","11":"product_tag-marcophily-hu","12":"product_tag-postatortenet","13":"product_tag-szallitolevel","14":"product_tag-unsold","16":"first","17":"instock","18":"sold-individually","19":"shipping-taxable","20":"purchasable","21":"product-type-simple"},"_links":{"self":[{"href":"https:\/\/stampcurio.com\/hu\/wp-json\/wp\/v2\/product\/27481","targetHints":{"allow":["GET"]}}],"collection":[{"href":"https:\/\/stampcurio.com\/hu\/wp-json\/wp\/v2\/product"}],"about":[{"href":"https:\/\/stampcurio.com\/hu\/wp-json\/wp\/v2\/types\/product"}],"wp:featuredmedia":[{"embeddable":true,"href":"https:\/\/stampcurio.com\/hu\/wp-json\/wp\/v2\/media\/29132"}],"wp:attachment":[{"href":"https:\/\/stampcurio.com\/hu\/wp-json\/wp\/v2\/media?parent=27481"}],"wp:term":[{"taxonomy":"product_brand","embeddable":true,"href":"https:\/\/stampcurio.com\/hu\/wp-json\/wp\/v2\/product_brand?post=27481"},{"taxonomy":"product_cat","embeddable":true,"href":"https:\/\/stampcurio.com\/hu\/wp-json\/wp\/v2\/product_cat?post=27481"},{"taxonomy":"product_tag","embeddable":true,"href":"https:\/\/stampcurio.com\/hu\/wp-json\/wp\/v2\/product_tag?post=27481"}],"curies":[{"name":"wp","href":"https:\/\/api.w.org\/{rel}","templated":true}]}}