{"id":27480,"date":"2025-11-24T16:30:10","date_gmt":"2025-11-24T15:30:10","guid":{"rendered":"https:\/\/stampcurio.com\/product\/1867-magyarorszag-5-kr-dijjegyes-boritek-iii-vizjel-nagykanizsarol-ausztriaba-kuldve-a-leopoldsohr-ceg-dekorativ-ceges-levelzarojaval\/"},"modified":"2025-12-05T04:02:10","modified_gmt":"2025-12-05T03:02:10","slug":"1867-magyarorszag-5-kr-dijjegyes-boritek-wz3-vizjel-nagykanizsarol-ausztriaba-kuldve-a-leopold-sohr-ceg-dekorativ-levelzarojaval","status":"publish","type":"product","link":"https:\/\/stampcurio.com\/hu\/termek\/1867-magyarorszag-5-kr-dijjegyes-boritek-wz3-vizjel-nagykanizsarol-ausztriaba-kuldve-a-leopold-sohr-ceg-dekorativ-levelzarojaval\/","title":{"rendered":"1867 Magyarorsz\u00e1g &#8211; 5 kr d\u00edjjegyes bor\u00edt\u00e9k (WZ3 v\u00edzjel), Nagykanizs\u00e1r\u00f3l Ausztri\u00e1ba k\u00fcldve, a Leopold Sohr c\u00e9g dekorat\u00edv lev\u00e9lz\u00e1r\u00f3j\u00e1val"},"content":{"rendered":"","protected":false},"excerpt":{"rendered":"","protected":false},"featured_media":29130,"template":"","meta":[],"product_brand":[],"product_cat":[1178,1172],"product_tag":[1669,74,194,89],"class_list":{"0":"post-27480","1":"product","2":"type-product","3":"status-publish","4":"has-post-thumbnail","6":"product_cat-ausztria","7":"product_cat-magyarorszag","8":"product_tag-3rd-auction","9":"product_tag-dijjegyes","10":"product_tag-levelzaro","11":"product_tag-postatortenet","13":"first","14":"outofstock","15":"sold-individually","16":"shipping-taxable","17":"purchasable","18":"product-type-simple"},"_links":{"self":[{"href":"https:\/\/stampcurio.com\/hu\/wp-json\/wp\/v2\/product\/27480","targetHints":{"allow":["GET"]}}],"collection":[{"href":"https:\/\/stampcurio.com\/hu\/wp-json\/wp\/v2\/product"}],"about":[{"href":"https:\/\/stampcurio.com\/hu\/wp-json\/wp\/v2\/types\/product"}],"wp:featuredmedia":[{"embeddable":true,"href":"https:\/\/stampcurio.com\/hu\/wp-json\/wp\/v2\/media\/29130"}],"wp:attachment":[{"href":"https:\/\/stampcurio.com\/hu\/wp-json\/wp\/v2\/media?parent=27480"}],"wp:term":[{"taxonomy":"product_brand","embeddable":true,"href":"https:\/\/stampcurio.com\/hu\/wp-json\/wp\/v2\/product_brand?post=27480"},{"taxonomy":"product_cat","embeddable":true,"href":"https:\/\/stampcurio.com\/hu\/wp-json\/wp\/v2\/product_cat?post=27480"},{"taxonomy":"product_tag","embeddable":true,"href":"https:\/\/stampcurio.com\/hu\/wp-json\/wp\/v2\/product_tag?post=27480"}],"curies":[{"name":"wp","href":"https:\/\/api.w.org\/{rel}","templated":true}]}}