{"id":27479,"date":"2025-11-24T16:30:10","date_gmt":"2025-11-24T15:30:10","guid":{"rendered":"https:\/\/stampcurio.com\/product\/1916-20-magyarorszag-17-db-szallitolevel-szerbia\/"},"modified":"2025-12-05T04:02:10","modified_gmt":"2025-12-05T03:02:10","slug":"1916-20-magyarorszag-17-db-szallitolevel-a-vajdasagban-ma-szerbia-feladva-mind-kulonfele","status":"publish","type":"product","link":"https:\/\/stampcurio.com\/hu\/termek\/1916-20-magyarorszag-17-db-szallitolevel-a-vajdasagban-ma-szerbia-feladva-mind-kulonfele\/","title":{"rendered":"1916-20 Magyarorsz\u00e1g &#8211; 17 db sz\u00e1ll\u00edt\u00f3lev\u00e9l a vajdas\u00e1gban (ma Szerbia) feladva, mind k\u00fcl\u00f6nf\u00e9le"},"content":{"rendered":"","protected":false},"excerpt":{"rendered":"<p>T\u00fcnd\u00e9res, Toront\u00e1lv\u00e1s\u00e1rhely, Stara Pazova, Ferenchalom, Erdevik, Pacs\u00e9r, Militics, Melence stb.<\/p>\n","protected":false},"featured_media":29138,"template":"","meta":[],"product_brand":[],"product_cat":[1172,1245],"product_tag":[1669,74,1041,89,157],"class_list":{"0":"post-27479","1":"product","2":"type-product","3":"status-publish","4":"has-post-thumbnail","6":"product_cat-magyarorszag","7":"product_cat-szerbia","8":"product_tag-3rd-auction","9":"product_tag-dijjegyes","10":"product_tag-marcophily-hu","11":"product_tag-postatortenet","12":"product_tag-szallitolevel","14":"first","15":"outofstock","16":"sold-individually","17":"shipping-taxable","18":"purchasable","19":"product-type-simple"},"_links":{"self":[{"href":"https:\/\/stampcurio.com\/hu\/wp-json\/wp\/v2\/product\/27479","targetHints":{"allow":["GET"]}}],"collection":[{"href":"https:\/\/stampcurio.com\/hu\/wp-json\/wp\/v2\/product"}],"about":[{"href":"https:\/\/stampcurio.com\/hu\/wp-json\/wp\/v2\/types\/product"}],"wp:featuredmedia":[{"embeddable":true,"href":"https:\/\/stampcurio.com\/hu\/wp-json\/wp\/v2\/media\/29138"}],"wp:attachment":[{"href":"https:\/\/stampcurio.com\/hu\/wp-json\/wp\/v2\/media?parent=27479"}],"wp:term":[{"taxonomy":"product_brand","embeddable":true,"href":"https:\/\/stampcurio.com\/hu\/wp-json\/wp\/v2\/product_brand?post=27479"},{"taxonomy":"product_cat","embeddable":true,"href":"https:\/\/stampcurio.com\/hu\/wp-json\/wp\/v2\/product_cat?post=27479"},{"taxonomy":"product_tag","embeddable":true,"href":"https:\/\/stampcurio.com\/hu\/wp-json\/wp\/v2\/product_tag?post=27479"}],"curies":[{"name":"wp","href":"https:\/\/api.w.org\/{rel}","templated":true}]}}