{"id":27478,"date":"2025-11-24T16:30:09","date_gmt":"2025-11-24T15:30:09","guid":{"rendered":"https:\/\/stampcurio.com\/product\/1916-20-magyarorszag-12-db-szallitolevel-horvatorszag-mind-eltero-telepules-belyegzojevel-a-zagrab-lebelyegzesek-is-mind-kulonbozoek\/"},"modified":"2026-01-26T16:33:00","modified_gmt":"2026-01-26T15:33:00","slug":"1916-20-magyarorszag-12-db-szallitolevel-horvatorszagi-telepuleskrol-mind-eltero-feladassal-belyegzojevel-a-zagrab-belyegzesek-is-mind-kulonbozoek","status":"publish","type":"product","link":"https:\/\/stampcurio.com\/hu\/termek\/1916-20-magyarorszag-12-db-szallitolevel-horvatorszagi-telepuleskrol-mind-eltero-feladassal-belyegzojevel-a-zagrab-belyegzesek-is-mind-kulonbozoek\/","title":{"rendered":"1916-20 Magyarorsz\u00e1g &#8211; 12 db sz\u00e1ll\u00edt\u00f3lev\u00e9l horv\u00e1torsz\u00e1gi telep\u00fcl\u00e9skr\u0151l \u2013 mind elt\u00e9r\u0151 felad\u00e1ssal \/ b\u00e9lyegz\u0151j\u00e9vel, a Z\u00c1GR\u00c1B b\u00e9lyegz\u00e9sek is mind k\u00fcl\u00f6nb\u00f6z\u0151ek"},"content":{"rendered":"","protected":false},"excerpt":{"rendered":"<p>Bjelovar, D\u00e1rda, Djakovo, Kotor, L\u00e9gr\u00e1d, Sisak, Zagreb<\/p>\n","protected":false},"featured_media":35573,"template":"","meta":[],"product_brand":[],"product_cat":[1192,1172],"product_tag":[1669,74,1041,89,405,157],"class_list":{"0":"post-27478","1":"product","2":"type-product","3":"status-publish","4":"has-post-thumbnail","6":"product_cat-horvatorszag","7":"product_cat-magyarorszag","8":"product_tag-3rd-auction","9":"product_tag-dijjegyes","10":"product_tag-marcophily-hu","11":"product_tag-postatortenet","12":"product_tag-ragjegy","13":"product_tag-szallitolevel","15":"first","16":"outofstock","17":"sold-individually","18":"shipping-taxable","19":"purchasable","20":"product-type-simple"},"_links":{"self":[{"href":"https:\/\/stampcurio.com\/hu\/wp-json\/wp\/v2\/product\/27478","targetHints":{"allow":["GET"]}}],"collection":[{"href":"https:\/\/stampcurio.com\/hu\/wp-json\/wp\/v2\/product"}],"about":[{"href":"https:\/\/stampcurio.com\/hu\/wp-json\/wp\/v2\/types\/product"}],"wp:featuredmedia":[{"embeddable":true,"href":"https:\/\/stampcurio.com\/hu\/wp-json\/wp\/v2\/media\/35573"}],"wp:attachment":[{"href":"https:\/\/stampcurio.com\/hu\/wp-json\/wp\/v2\/media?parent=27478"}],"wp:term":[{"taxonomy":"product_brand","embeddable":true,"href":"https:\/\/stampcurio.com\/hu\/wp-json\/wp\/v2\/product_brand?post=27478"},{"taxonomy":"product_cat","embeddable":true,"href":"https:\/\/stampcurio.com\/hu\/wp-json\/wp\/v2\/product_cat?post=27478"},{"taxonomy":"product_tag","embeddable":true,"href":"https:\/\/stampcurio.com\/hu\/wp-json\/wp\/v2\/product_tag?post=27478"}],"curies":[{"name":"wp","href":"https:\/\/api.w.org\/{rel}","templated":true}]}}