{"id":27477,"date":"2025-11-24T16:30:09","date_gmt":"2025-11-24T15:30:09","guid":{"rendered":"https:\/\/stampcurio.com\/product\/1916-20-magyarorszag-24-db-szallitolevel-szlovakia-benne-jobb-frankaturak-es-lebelyegzesek\/"},"modified":"2025-12-05T04:02:10","modified_gmt":"2025-12-05T03:02:10","slug":"1916-20-magyarorszag-25-felvideki-szallitolevel-benne-jobb-frankaturak-es-belyegzesek-mindegyik-mas-es-mas-telepules","status":"publish","type":"product","link":"https:\/\/stampcurio.com\/hu\/termek\/1916-20-magyarorszag-25-felvideki-szallitolevel-benne-jobb-frankaturak-es-belyegzesek-mindegyik-mas-es-mas-telepules\/","title":{"rendered":"1916-20 Magyarorsz\u00e1g &#8211; 25 felvid\u00e9ki sz\u00e1ll\u00edt\u00f3lev\u00e9l \u2013 benne jobb frankat\u00far\u00e1k \u00e9s b\u00e9lyegz\u00e9sek &#8211; mindegyik m\u00e1s \u00e9s m\u00e1s telep\u00fcl\u00e9s"},"content":{"rendered":"","protected":false},"excerpt":{"rendered":"<p>Beszterczeb\u00e1nya, Eperjes, Fels\u0151kubin, Galg\u00f3cz, Gyetva, Igl\u00f3, Ipolyn\u00e9k, Ledniczr\u00f3na, Mos\u00f3cz, Nagy-Koszm\u00e1ly, Nagyk\u00e1lna, Nagyszombat, Nyitra, \u00d3besztercze, P\u00f6st\u00e9ny, Rajecz, R\u00e1nkf\u00fcred, R\u00f3zsahegy, Ruttka, Szakolcza, Selmeczb\u00e1nya, Torn\u00f3cz, Tur\u00f3czszentm\u00e1rton, V\u00e1g\u00fajhely, Vedr\u00f6d<\/p>\n","protected":false},"featured_media":35663,"template":"","meta":[],"product_brand":[],"product_cat":[1172,1189],"product_tag":[1669,116,74,1041,89,405,157],"class_list":{"0":"post-27477","1":"product","2":"type-product","3":"status-publish","4":"has-post-thumbnail","6":"product_cat-magyarorszag","7":"product_cat-szlovakia","8":"product_tag-3rd-auction","9":"product_tag-belyeg","10":"product_tag-dijjegyes","11":"product_tag-marcophily-hu","12":"product_tag-postatortenet","13":"product_tag-ragjegy","14":"product_tag-szallitolevel","16":"first","17":"outofstock","18":"sold-individually","19":"shipping-taxable","20":"purchasable","21":"product-type-simple"},"_links":{"self":[{"href":"https:\/\/stampcurio.com\/hu\/wp-json\/wp\/v2\/product\/27477","targetHints":{"allow":["GET"]}}],"collection":[{"href":"https:\/\/stampcurio.com\/hu\/wp-json\/wp\/v2\/product"}],"about":[{"href":"https:\/\/stampcurio.com\/hu\/wp-json\/wp\/v2\/types\/product"}],"wp:featuredmedia":[{"embeddable":true,"href":"https:\/\/stampcurio.com\/hu\/wp-json\/wp\/v2\/media\/35663"}],"wp:attachment":[{"href":"https:\/\/stampcurio.com\/hu\/wp-json\/wp\/v2\/media?parent=27477"}],"wp:term":[{"taxonomy":"product_brand","embeddable":true,"href":"https:\/\/stampcurio.com\/hu\/wp-json\/wp\/v2\/product_brand?post=27477"},{"taxonomy":"product_cat","embeddable":true,"href":"https:\/\/stampcurio.com\/hu\/wp-json\/wp\/v2\/product_cat?post=27477"},{"taxonomy":"product_tag","embeddable":true,"href":"https:\/\/stampcurio.com\/hu\/wp-json\/wp\/v2\/product_tag?post=27477"}],"curies":[{"name":"wp","href":"https:\/\/api.w.org\/{rel}","templated":true}]}}