{"id":27476,"date":"2025-11-24T16:30:09","date_gmt":"2025-11-24T15:30:09","guid":{"rendered":"https:\/\/stampcurio.com\/product\/1916-20-magyarorszag-16-db-szallitolevel-romania\/"},"modified":"2025-12-05T04:02:10","modified_gmt":"2025-12-05T03:02:10","slug":"1916-magyarorszag-16-kulonfele-erdelyi-es-partiumi-feladasu-szallitolevel","status":"publish","type":"product","link":"https:\/\/stampcurio.com\/hu\/termek\/1916-magyarorszag-16-kulonfele-erdelyi-es-partiumi-feladasu-szallitolevel\/","title":{"rendered":"1916+ Magyarorsz\u00e1g &#8211; 16 k\u00fcl\u00f6nf\u00e9le erd\u00e9lyi \u00e9s partiumi felad\u00e1s\u00fa sz\u00e1ll\u00edt\u00f3lev\u00e9l"},"content":{"rendered":"","protected":false},"excerpt":{"rendered":"<p>Aranyosgy\u00e9res, Bihar-Torda, Brass\u00f3, F\u00e9likszf\u00fcrd\u0151, H\u00e1tszeg, Majszin M\u00e1ramaros vm, Marosborsa, Maros\u00fajv\u00e1r, Mikola, Nagyhalm\u00e1gy, \u00d3telek, Resiezab\u00e1nya, Sepsiszentgy\u00f6rgy, Temesv\u00e1r, Vaskoh, Zsombolya<\/p>\n","protected":false},"featured_media":35459,"template":"","meta":[],"product_brand":[],"product_cat":[1172,1208],"product_tag":[1669,74,1041,89,405,157],"class_list":{"0":"post-27476","1":"product","2":"type-product","3":"status-publish","4":"has-post-thumbnail","6":"product_cat-magyarorszag","7":"product_cat-romania","8":"product_tag-3rd-auction","9":"product_tag-dijjegyes","10":"product_tag-marcophily-hu","11":"product_tag-postatortenet","12":"product_tag-ragjegy","13":"product_tag-szallitolevel","15":"first","16":"outofstock","17":"sold-individually","18":"shipping-taxable","19":"purchasable","20":"product-type-simple"},"_links":{"self":[{"href":"https:\/\/stampcurio.com\/hu\/wp-json\/wp\/v2\/product\/27476","targetHints":{"allow":["GET"]}}],"collection":[{"href":"https:\/\/stampcurio.com\/hu\/wp-json\/wp\/v2\/product"}],"about":[{"href":"https:\/\/stampcurio.com\/hu\/wp-json\/wp\/v2\/types\/product"}],"wp:featuredmedia":[{"embeddable":true,"href":"https:\/\/stampcurio.com\/hu\/wp-json\/wp\/v2\/media\/35459"}],"wp:attachment":[{"href":"https:\/\/stampcurio.com\/hu\/wp-json\/wp\/v2\/media?parent=27476"}],"wp:term":[{"taxonomy":"product_brand","embeddable":true,"href":"https:\/\/stampcurio.com\/hu\/wp-json\/wp\/v2\/product_brand?post=27476"},{"taxonomy":"product_cat","embeddable":true,"href":"https:\/\/stampcurio.com\/hu\/wp-json\/wp\/v2\/product_cat?post=27476"},{"taxonomy":"product_tag","embeddable":true,"href":"https:\/\/stampcurio.com\/hu\/wp-json\/wp\/v2\/product_tag?post=27476"}],"curies":[{"name":"wp","href":"https:\/\/api.w.org\/{rel}","templated":true}]}}