{"id":27475,"date":"2025-11-24T16:30:08","date_gmt":"2025-11-24T15:30:08","guid":{"rendered":"https:\/\/stampcurio.com\/product\/1897-magyarorszag-milleniumi-dijjegyes-levelezolap-faludi-zsigmond-sigmund-faludi-belyegkereskedo-reklam-belyegzovel\/"},"modified":"2025-12-05T04:02:11","modified_gmt":"2025-12-05T03:02:11","slug":"1896-magyarorszag-milleniumi-2-krajcaros-dijjegyes-levelezolap-faludi-zsigmond-sigmund-faludi-belyegkereskedo-reklam-belyegzovel","status":"publish","type":"product","link":"https:\/\/stampcurio.com\/hu\/termek\/1896-magyarorszag-milleniumi-2-krajcaros-dijjegyes-levelezolap-faludi-zsigmond-sigmund-faludi-belyegkereskedo-reklam-belyegzovel\/","title":{"rendered":"1896 Magyarorsz\u00e1g &#8211; Milleniumi 2 krajc\u00e1ros d\u00edjjegyes levelez\u0151lap Faludi Zsigmond (Sigmund Faludi) b\u00e9lyegkeresked\u0151 rekl\u00e1m b\u00e9lyegz\u0151vel"},"content":{"rendered":"","protected":false},"excerpt":{"rendered":"","protected":false},"featured_media":29136,"template":"","meta":[],"product_brand":[],"product_cat":[1172],"product_tag":[1669,1340,74],"class_list":{"0":"post-27475","1":"product","2":"type-product","3":"status-publish","4":"has-post-thumbnail","6":"product_cat-magyarorszag","7":"product_tag-3rd-auction","8":"product_tag-belyegkereskedo","9":"product_tag-dijjegyes","11":"first","12":"outofstock","13":"sold-individually","14":"shipping-taxable","15":"purchasable","16":"product-type-simple"},"_links":{"self":[{"href":"https:\/\/stampcurio.com\/hu\/wp-json\/wp\/v2\/product\/27475","targetHints":{"allow":["GET"]}}],"collection":[{"href":"https:\/\/stampcurio.com\/hu\/wp-json\/wp\/v2\/product"}],"about":[{"href":"https:\/\/stampcurio.com\/hu\/wp-json\/wp\/v2\/types\/product"}],"wp:featuredmedia":[{"embeddable":true,"href":"https:\/\/stampcurio.com\/hu\/wp-json\/wp\/v2\/media\/29136"}],"wp:attachment":[{"href":"https:\/\/stampcurio.com\/hu\/wp-json\/wp\/v2\/media?parent=27475"}],"wp:term":[{"taxonomy":"product_brand","embeddable":true,"href":"https:\/\/stampcurio.com\/hu\/wp-json\/wp\/v2\/product_brand?post=27475"},{"taxonomy":"product_cat","embeddable":true,"href":"https:\/\/stampcurio.com\/hu\/wp-json\/wp\/v2\/product_cat?post=27475"},{"taxonomy":"product_tag","embeddable":true,"href":"https:\/\/stampcurio.com\/hu\/wp-json\/wp\/v2\/product_tag?post=27475"}],"curies":[{"name":"wp","href":"https:\/\/api.w.org\/{rel}","templated":true}]}}