{"id":27473,"date":"2025-11-24T16:30:08","date_gmt":"2025-11-24T15:30:08","guid":{"rendered":"https:\/\/stampcurio.com\/product\/1910-magyarorszag-dijjegyes-dijkiegeszitett-levelezolap-portugaliaba-kuldve-jobb-destinacio\/"},"modified":"2026-01-05T15:05:02","modified_gmt":"2026-01-05T14:05:02","slug":"1910-magyarorszag-dijjegyes-dijkiegeszitett-levelezolap-portugaliaba-kuldve-jobb-destinacio","status":"publish","type":"product","link":"https:\/\/stampcurio.com\/hu\/termek\/1910-magyarorszag-dijjegyes-dijkiegeszitett-levelezolap-portugaliaba-kuldve-jobb-destinacio\/","title":{"rendered":"1910 Magyarorsz\u00e1g &#8211; D\u00edjjegyes d\u00edjkieg\u00e9sz\u00edtett levelez\u0151lap Portug\u00e1li\u00e1ba k\u00fcldve \u2013 jobb destin\u00e1ci\u00f3"},"content":{"rendered":"","protected":false},"excerpt":{"rendered":"","protected":false},"featured_media":29140,"template":"","meta":[],"product_brand":[],"product_cat":[1172],"product_tag":[1669,74,89,1006],"class_list":{"0":"post-27473","1":"product","2":"type-product","3":"status-publish","4":"has-post-thumbnail","6":"product_cat-magyarorszag","7":"product_tag-3rd-auction","8":"product_tag-dijjegyes","9":"product_tag-postatortenet","10":"product_tag-unsold","12":"first","13":"instock","14":"sold-individually","15":"shipping-taxable","16":"purchasable","17":"product-type-simple"},"_links":{"self":[{"href":"https:\/\/stampcurio.com\/hu\/wp-json\/wp\/v2\/product\/27473","targetHints":{"allow":["GET"]}}],"collection":[{"href":"https:\/\/stampcurio.com\/hu\/wp-json\/wp\/v2\/product"}],"about":[{"href":"https:\/\/stampcurio.com\/hu\/wp-json\/wp\/v2\/types\/product"}],"wp:featuredmedia":[{"embeddable":true,"href":"https:\/\/stampcurio.com\/hu\/wp-json\/wp\/v2\/media\/29140"}],"wp:attachment":[{"href":"https:\/\/stampcurio.com\/hu\/wp-json\/wp\/v2\/media?parent=27473"}],"wp:term":[{"taxonomy":"product_brand","embeddable":true,"href":"https:\/\/stampcurio.com\/hu\/wp-json\/wp\/v2\/product_brand?post=27473"},{"taxonomy":"product_cat","embeddable":true,"href":"https:\/\/stampcurio.com\/hu\/wp-json\/wp\/v2\/product_cat?post=27473"},{"taxonomy":"product_tag","embeddable":true,"href":"https:\/\/stampcurio.com\/hu\/wp-json\/wp\/v2\/product_tag?post=27473"}],"curies":[{"name":"wp","href":"https:\/\/api.w.org\/{rel}","templated":true}]}}