{"id":27472,"date":"2025-11-24T16:30:07","date_gmt":"2025-11-24T15:30:07","guid":{"rendered":"https:\/\/stampcurio.com\/product\/1905-magyarorszag-dekorativ-nemetorszagba-kuldott-dijjegyes-ajanlott-levelezolap-a-budapesti-kath-novedo-egyesulete-patronage-gumibelyegzojevel\/"},"modified":"2026-01-05T15:05:02","modified_gmt":"2026-01-05T14:05:02","slug":"1905-magyarorszag-dekorativ-nemetorszagba-kuldott-dijjegyes-ajanlott-levelezolap-a-budapesti-kath-novedo-egyesulete-patronage-gumibelyegzojevel","status":"publish","type":"product","link":"https:\/\/stampcurio.com\/hu\/termek\/1905-magyarorszag-dekorativ-nemetorszagba-kuldott-dijjegyes-ajanlott-levelezolap-a-budapesti-kath-novedo-egyesulete-patronage-gumibelyegzojevel\/","title":{"rendered":"1905 Magyarorsz\u00e1g &#8211; Dekorat\u00edv N\u00e9metorsz\u00e1gba k\u00fcld\u00f6tt d\u00edjjegyes aj\u00e1nlott levelez\u0151lap, a BUDAPESTI KATH. N\u0150V\u00c9D\u0150 EGYES\u00dcLETE \u2013 PATRONAGE gumib\u00e9lyegz\u0151j\u00e9vel"},"content":{"rendered":"","protected":false},"excerpt":{"rendered":"","protected":false},"featured_media":29144,"template":"","meta":[],"product_brand":[],"product_cat":[1172],"product_tag":[1669,74,1041,89,1006],"class_list":{"0":"post-27472","1":"product","2":"type-product","3":"status-publish","4":"has-post-thumbnail","6":"product_cat-magyarorszag","7":"product_tag-3rd-auction","8":"product_tag-dijjegyes","9":"product_tag-marcophily-hu","10":"product_tag-postatortenet","11":"product_tag-unsold","13":"first","14":"instock","15":"sold-individually","16":"shipping-taxable","17":"purchasable","18":"product-type-simple"},"_links":{"self":[{"href":"https:\/\/stampcurio.com\/hu\/wp-json\/wp\/v2\/product\/27472","targetHints":{"allow":["GET"]}}],"collection":[{"href":"https:\/\/stampcurio.com\/hu\/wp-json\/wp\/v2\/product"}],"about":[{"href":"https:\/\/stampcurio.com\/hu\/wp-json\/wp\/v2\/types\/product"}],"wp:featuredmedia":[{"embeddable":true,"href":"https:\/\/stampcurio.com\/hu\/wp-json\/wp\/v2\/media\/29144"}],"wp:attachment":[{"href":"https:\/\/stampcurio.com\/hu\/wp-json\/wp\/v2\/media?parent=27472"}],"wp:term":[{"taxonomy":"product_brand","embeddable":true,"href":"https:\/\/stampcurio.com\/hu\/wp-json\/wp\/v2\/product_brand?post=27472"},{"taxonomy":"product_cat","embeddable":true,"href":"https:\/\/stampcurio.com\/hu\/wp-json\/wp\/v2\/product_cat?post=27472"},{"taxonomy":"product_tag","embeddable":true,"href":"https:\/\/stampcurio.com\/hu\/wp-json\/wp\/v2\/product_tag?post=27472"}],"curies":[{"name":"wp","href":"https:\/\/api.w.org\/{rel}","templated":true}]}}