{"id":27471,"date":"2025-11-24T16:30:07","date_gmt":"2025-11-24T15:30:07","guid":{"rendered":"https:\/\/stampcurio.com\/product\/1904-fiume-a-fiumei-kikotoben-hajon-feladott-olaszorszagba-kuldott-paquebot-hajoposta-belyegzessel-ellatott-levelezolap\/"},"modified":"2025-12-05T04:02:11","modified_gmt":"2025-12-05T03:02:11","slug":"1904-fiume-hajon-feladott-olaszorszagba-kuldott-dijjegyes-levelezolap-paquebot-hajoposta-belyegzessel","status":"publish","type":"product","link":"https:\/\/stampcurio.com\/hu\/termek\/1904-fiume-hajon-feladott-olaszorszagba-kuldott-dijjegyes-levelezolap-paquebot-hajoposta-belyegzessel\/","title":{"rendered":"1904 Fiume &#8211; Haj\u00f3n feladott Olaszorsz\u00e1gba k\u00fcld\u00f6tt d\u00edjjegyes levelez\u0151lap, PAQUEBOT haj\u00f3posta b\u00e9lyegz\u00e9ssel"},"content":{"rendered":"","protected":false},"excerpt":{"rendered":"","protected":false},"featured_media":29168,"template":"","meta":[],"product_brand":[],"product_cat":[1275,1192,1172],"product_tag":[1669,74,1041,89],"class_list":{"0":"post-27471","1":"product","2":"type-product","3":"status-publish","4":"has-post-thumbnail","6":"product_cat-fiume","7":"product_cat-horvatorszag","8":"product_cat-magyarorszag","9":"product_tag-3rd-auction","10":"product_tag-dijjegyes","11":"product_tag-marcophily-hu","12":"product_tag-postatortenet","14":"first","15":"outofstock","16":"sold-individually","17":"shipping-taxable","18":"purchasable","19":"product-type-simple"},"_links":{"self":[{"href":"https:\/\/stampcurio.com\/hu\/wp-json\/wp\/v2\/product\/27471","targetHints":{"allow":["GET"]}}],"collection":[{"href":"https:\/\/stampcurio.com\/hu\/wp-json\/wp\/v2\/product"}],"about":[{"href":"https:\/\/stampcurio.com\/hu\/wp-json\/wp\/v2\/types\/product"}],"wp:featuredmedia":[{"embeddable":true,"href":"https:\/\/stampcurio.com\/hu\/wp-json\/wp\/v2\/media\/29168"}],"wp:attachment":[{"href":"https:\/\/stampcurio.com\/hu\/wp-json\/wp\/v2\/media?parent=27471"}],"wp:term":[{"taxonomy":"product_brand","embeddable":true,"href":"https:\/\/stampcurio.com\/hu\/wp-json\/wp\/v2\/product_brand?post=27471"},{"taxonomy":"product_cat","embeddable":true,"href":"https:\/\/stampcurio.com\/hu\/wp-json\/wp\/v2\/product_cat?post=27471"},{"taxonomy":"product_tag","embeddable":true,"href":"https:\/\/stampcurio.com\/hu\/wp-json\/wp\/v2\/product_tag?post=27471"}],"curies":[{"name":"wp","href":"https:\/\/api.w.org\/{rel}","templated":true}]}}