{"id":27470,"date":"2025-11-24T16:30:06","date_gmt":"2025-11-24T15:30:06","guid":{"rendered":"https:\/\/stampcurio.com\/product\/1914-magyarorszag-turul-debrecenbol-karaszra-tovabbkuldott-dijjegyes-levelezolap-ritka-karasz-helyben-postaugynokseg-baranya-megye-lila-szinu-iranyito-belyegzovel\/"},"modified":"2026-01-05T15:05:02","modified_gmt":"2026-01-05T14:05:02","slug":"1914-magyarorszag-debrecenbol-karaszra-tovabbkuldott-dijjegyes-levelezolap-ritka-karasz-helyben-postaugynokseg-baranya-megye-lila-szinu-postai-iranyito-belyegzovel","status":"publish","type":"product","link":"https:\/\/stampcurio.com\/hu\/termek\/1914-magyarorszag-debrecenbol-karaszra-tovabbkuldott-dijjegyes-levelezolap-ritka-karasz-helyben-postaugynokseg-baranya-megye-lila-szinu-postai-iranyito-belyegzovel\/","title":{"rendered":"1914 Magyarorsz\u00e1g &#8211; Debrecenb\u0151l K\u00e1r\u00e1szra tov\u00e1bbk\u00fcld\u00f6tt d\u00edjjegyes levelez\u0151lap \u2013 ritka &#8220;K\u00e1r\u00e1sz \/ Helyben Posta\u00fcgyn\u00f6ks\u00e9g \/ Baranya megye&#8221; lila sz\u00edn\u0171 postai ir\u00e1ny\u00edt\u00f3 b\u00e9lyegz\u0151vel"},"content":{"rendered":"","protected":false},"excerpt":{"rendered":"","protected":false},"featured_media":29164,"template":"","meta":[],"product_brand":[],"product_cat":[1172],"product_tag":[1669,74,1041,89,1269,1006],"class_list":{"0":"post-27470","1":"product","2":"type-product","3":"status-publish","4":"has-post-thumbnail","6":"product_cat-magyarorszag","7":"product_tag-3rd-auction","8":"product_tag-dijjegyes","9":"product_tag-marcophily-hu","10":"product_tag-postatortenet","11":"product_tag-postaugynokseg","12":"product_tag-unsold","14":"first","15":"instock","16":"sold-individually","17":"shipping-taxable","18":"purchasable","19":"product-type-simple"},"_links":{"self":[{"href":"https:\/\/stampcurio.com\/hu\/wp-json\/wp\/v2\/product\/27470","targetHints":{"allow":["GET"]}}],"collection":[{"href":"https:\/\/stampcurio.com\/hu\/wp-json\/wp\/v2\/product"}],"about":[{"href":"https:\/\/stampcurio.com\/hu\/wp-json\/wp\/v2\/types\/product"}],"wp:featuredmedia":[{"embeddable":true,"href":"https:\/\/stampcurio.com\/hu\/wp-json\/wp\/v2\/media\/29164"}],"wp:attachment":[{"href":"https:\/\/stampcurio.com\/hu\/wp-json\/wp\/v2\/media?parent=27470"}],"wp:term":[{"taxonomy":"product_brand","embeddable":true,"href":"https:\/\/stampcurio.com\/hu\/wp-json\/wp\/v2\/product_brand?post=27470"},{"taxonomy":"product_cat","embeddable":true,"href":"https:\/\/stampcurio.com\/hu\/wp-json\/wp\/v2\/product_cat?post=27470"},{"taxonomy":"product_tag","embeddable":true,"href":"https:\/\/stampcurio.com\/hu\/wp-json\/wp\/v2\/product_tag?post=27470"}],"curies":[{"name":"wp","href":"https:\/\/api.w.org\/{rel}","templated":true}]}}