{"id":27469,"date":"2025-11-24T16:30:06","date_gmt":"2025-11-24T15:30:06","guid":{"rendered":"https:\/\/stampcurio.com\/product\/1927-44-franciaorszag-f-m-f-felulnyomasu-belyeges-kuldemenyek\/"},"modified":"2025-12-05T04:02:12","modified_gmt":"2025-12-05T03:02:12","slug":"1927-44-franciaorszag-f-m-es-f-felulnyomasu-belyeges-kuldemenyek","status":"publish","type":"product","link":"https:\/\/stampcurio.com\/hu\/termek\/1927-44-franciaorszag-f-m-es-f-felulnyomasu-belyeges-kuldemenyek\/","title":{"rendered":"1927-44 Franciaorsz\u00e1g &#8211; F.M. \u00e9s F fel\u00fclnyom\u00e1s\u00fa b\u00e9lyeges k\u00fcldem\u00e9nyek"},"content":{"rendered":"","protected":false},"excerpt":{"rendered":"","protected":false},"featured_media":29149,"template":"","meta":[],"product_brand":[],"product_cat":[1181],"product_tag":[1669,89,208],"class_list":{"0":"post-27469","1":"product","2":"type-product","3":"status-publish","4":"has-post-thumbnail","6":"product_cat-franciaorszag","7":"product_tag-3rd-auction","8":"product_tag-postatortenet","9":"product_tag-tabori-posta","11":"first","12":"outofstock","13":"sold-individually","14":"shipping-taxable","15":"purchasable","16":"product-type-simple"},"_links":{"self":[{"href":"https:\/\/stampcurio.com\/hu\/wp-json\/wp\/v2\/product\/27469","targetHints":{"allow":["GET"]}}],"collection":[{"href":"https:\/\/stampcurio.com\/hu\/wp-json\/wp\/v2\/product"}],"about":[{"href":"https:\/\/stampcurio.com\/hu\/wp-json\/wp\/v2\/types\/product"}],"wp:featuredmedia":[{"embeddable":true,"href":"https:\/\/stampcurio.com\/hu\/wp-json\/wp\/v2\/media\/29149"}],"wp:attachment":[{"href":"https:\/\/stampcurio.com\/hu\/wp-json\/wp\/v2\/media?parent=27469"}],"wp:term":[{"taxonomy":"product_brand","embeddable":true,"href":"https:\/\/stampcurio.com\/hu\/wp-json\/wp\/v2\/product_brand?post=27469"},{"taxonomy":"product_cat","embeddable":true,"href":"https:\/\/stampcurio.com\/hu\/wp-json\/wp\/v2\/product_cat?post=27469"},{"taxonomy":"product_tag","embeddable":true,"href":"https:\/\/stampcurio.com\/hu\/wp-json\/wp\/v2\/product_tag?post=27469"}],"curies":[{"name":"wp","href":"https:\/\/api.w.org\/{rel}","templated":true}]}}