{"id":27465,"date":"2025-11-24T16:30:04","date_gmt":"2025-11-24T15:30:04","guid":{"rendered":"https:\/\/stampcurio.com\/product\/1946-magyarorszag-h2-az-alapnyomaton-nagy-kek-folttal-postatiszta-negyestombben\/"},"modified":"2026-01-05T15:05:04","modified_gmt":"2026-01-05T14:05:04","slug":"1946-magyarorszag-helyi-level-2-az-alapnyomaton-nagy-kek-folttal-postatiszta-negyestombben","status":"publish","type":"product","link":"https:\/\/stampcurio.com\/hu\/termek\/1946-magyarorszag-helyi-level-2-az-alapnyomaton-nagy-kek-folttal-postatiszta-negyestombben\/","title":{"rendered":"1946 Magyarorsz\u00e1g &#8211; helyi lev\u00e9l 2. \u2013 az alapnyomaton nagy k\u00e9k folttal postatiszta ** n\u00e9gyest\u00f6mbben"},"content":{"rendered":"","protected":false},"excerpt":{"rendered":"","protected":false},"featured_media":31244,"template":"","meta":[],"product_brand":[],"product_cat":[1172],"product_tag":[1669,116,217,1006],"class_list":{"0":"post-27465","1":"product","2":"type-product","3":"status-publish","4":"has-post-thumbnail","6":"product_cat-magyarorszag","7":"product_tag-3rd-auction","8":"product_tag-belyeg","9":"product_tag-tevnyomat","10":"product_tag-unsold","12":"first","13":"instock","14":"sold-individually","15":"shipping-taxable","16":"purchasable","17":"product-type-simple"},"_links":{"self":[{"href":"https:\/\/stampcurio.com\/hu\/wp-json\/wp\/v2\/product\/27465","targetHints":{"allow":["GET"]}}],"collection":[{"href":"https:\/\/stampcurio.com\/hu\/wp-json\/wp\/v2\/product"}],"about":[{"href":"https:\/\/stampcurio.com\/hu\/wp-json\/wp\/v2\/types\/product"}],"wp:featuredmedia":[{"embeddable":true,"href":"https:\/\/stampcurio.com\/hu\/wp-json\/wp\/v2\/media\/31244"}],"wp:attachment":[{"href":"https:\/\/stampcurio.com\/hu\/wp-json\/wp\/v2\/media?parent=27465"}],"wp:term":[{"taxonomy":"product_brand","embeddable":true,"href":"https:\/\/stampcurio.com\/hu\/wp-json\/wp\/v2\/product_brand?post=27465"},{"taxonomy":"product_cat","embeddable":true,"href":"https:\/\/stampcurio.com\/hu\/wp-json\/wp\/v2\/product_cat?post=27465"},{"taxonomy":"product_tag","embeddable":true,"href":"https:\/\/stampcurio.com\/hu\/wp-json\/wp\/v2\/product_tag?post=27465"}],"curies":[{"name":"wp","href":"https:\/\/api.w.org\/{rel}","templated":true}]}}