{"id":27464,"date":"2025-11-24T16:30:04","date_gmt":"2025-11-24T15:30:04","guid":{"rendered":"https:\/\/stampcurio.com\/product\/1946-magyarorszag-betus-kiadas-tavolsagi-lev-4f-a-lap-szobol-az-a-betu-hianyzik\/"},"modified":"2026-01-05T15:05:04","modified_gmt":"2026-01-05T14:05:04","slug":"1946-magyarorszag-betus-kiadas-tavolsagi-lev-lap-a-lap-szobol-az-a-betu-hianyzik-postatiszta","status":"publish","type":"product","link":"https:\/\/stampcurio.com\/hu\/termek\/1946-magyarorszag-betus-kiadas-tavolsagi-lev-lap-a-lap-szobol-az-a-betu-hianyzik-postatiszta\/","title":{"rendered":"1946 Magyarorsz\u00e1g &#8211; Bet\u0171s kiad\u00e1s T\u00e1vols\u00e1gi lev. lap &#8211; a lap sz\u00f3b\u00f3l az &#8220;a&#8221; bet\u0171 hi\u00e1nyzik, postatiszta **"},"content":{"rendered":"","protected":false},"excerpt":{"rendered":"","protected":false},"featured_media":31238,"template":"","meta":[],"product_brand":[],"product_cat":[1172],"product_tag":[1669,116,217,1006],"class_list":{"0":"post-27464","1":"product","2":"type-product","3":"status-publish","4":"has-post-thumbnail","6":"product_cat-magyarorszag","7":"product_tag-3rd-auction","8":"product_tag-belyeg","9":"product_tag-tevnyomat","10":"product_tag-unsold","12":"first","13":"instock","14":"sold-individually","15":"shipping-taxable","16":"purchasable","17":"product-type-simple"},"_links":{"self":[{"href":"https:\/\/stampcurio.com\/hu\/wp-json\/wp\/v2\/product\/27464","targetHints":{"allow":["GET"]}}],"collection":[{"href":"https:\/\/stampcurio.com\/hu\/wp-json\/wp\/v2\/product"}],"about":[{"href":"https:\/\/stampcurio.com\/hu\/wp-json\/wp\/v2\/types\/product"}],"wp:featuredmedia":[{"embeddable":true,"href":"https:\/\/stampcurio.com\/hu\/wp-json\/wp\/v2\/media\/31238"}],"wp:attachment":[{"href":"https:\/\/stampcurio.com\/hu\/wp-json\/wp\/v2\/media?parent=27464"}],"wp:term":[{"taxonomy":"product_brand","embeddable":true,"href":"https:\/\/stampcurio.com\/hu\/wp-json\/wp\/v2\/product_brand?post=27464"},{"taxonomy":"product_cat","embeddable":true,"href":"https:\/\/stampcurio.com\/hu\/wp-json\/wp\/v2\/product_cat?post=27464"},{"taxonomy":"product_tag","embeddable":true,"href":"https:\/\/stampcurio.com\/hu\/wp-json\/wp\/v2\/product_tag?post=27464"}],"curies":[{"name":"wp","href":"https:\/\/api.w.org\/{rel}","templated":true}]}}