{"id":27463,"date":"2025-11-24T16:30:04","date_gmt":"2025-11-24T15:30:04","guid":{"rendered":"https:\/\/stampcurio.com\/product\/1945-magyarorszag-1p-1p-fent-latvanyos-szegelylec-lenyomattal-pecsetelt-30-pengo-postatiszta\/"},"modified":"2026-01-05T15:05:03","modified_gmt":"2026-01-05T14:05:03","slug":"1945-magyarorszag-ket-kisegito-belyeg-szegelylec-lenyomattal-a-30f-az-alapbelyeg-ismert-tevnyomataval-er-az-ertekszam-elott","status":"publish","type":"product","link":"https:\/\/stampcurio.com\/hu\/termek\/1945-magyarorszag-ket-kisegito-belyeg-szegelylec-lenyomattal-a-30f-az-alapbelyeg-ismert-tevnyomataval-er-az-ertekszam-elott\/","title":{"rendered":"1945 Magyarorsz\u00e1g &#8211; k\u00e9t kiseg\u00edt\u0151 b\u00e9lyeg szeg\u00e9lyl\u00e9c lenyomattal  \/ a 30f az alapb\u00e9lyeg ismert t\u00e9vnyomat\u00e1val: \u00e9r az \u00e9rt\u00e9ksz\u00e1m el\u0151tt"},"content":{"rendered":"","protected":false},"excerpt":{"rendered":"","protected":false},"featured_media":36001,"template":"","meta":[],"product_brand":[],"product_cat":[1172],"product_tag":[1669,116,217,1006],"class_list":{"0":"post-27463","1":"product","2":"type-product","3":"status-publish","4":"has-post-thumbnail","6":"product_cat-magyarorszag","7":"product_tag-3rd-auction","8":"product_tag-belyeg","9":"product_tag-tevnyomat","10":"product_tag-unsold","12":"first","13":"instock","14":"sold-individually","15":"shipping-taxable","16":"purchasable","17":"product-type-simple"},"_links":{"self":[{"href":"https:\/\/stampcurio.com\/hu\/wp-json\/wp\/v2\/product\/27463","targetHints":{"allow":["GET"]}}],"collection":[{"href":"https:\/\/stampcurio.com\/hu\/wp-json\/wp\/v2\/product"}],"about":[{"href":"https:\/\/stampcurio.com\/hu\/wp-json\/wp\/v2\/types\/product"}],"wp:featuredmedia":[{"embeddable":true,"href":"https:\/\/stampcurio.com\/hu\/wp-json\/wp\/v2\/media\/36001"}],"wp:attachment":[{"href":"https:\/\/stampcurio.com\/hu\/wp-json\/wp\/v2\/media?parent=27463"}],"wp:term":[{"taxonomy":"product_brand","embeddable":true,"href":"https:\/\/stampcurio.com\/hu\/wp-json\/wp\/v2\/product_brand?post=27463"},{"taxonomy":"product_cat","embeddable":true,"href":"https:\/\/stampcurio.com\/hu\/wp-json\/wp\/v2\/product_cat?post=27463"},{"taxonomy":"product_tag","embeddable":true,"href":"https:\/\/stampcurio.com\/hu\/wp-json\/wp\/v2\/product_tag?post=27463"}],"curies":[{"name":"wp","href":"https:\/\/api.w.org\/{rel}","templated":true}]}}