{"id":27462,"date":"2025-11-24T16:30:03","date_gmt":"2025-11-24T15:30:03","guid":{"rendered":"https:\/\/stampcurio.com\/product\/1870-romania-ddsg-gepack-control-marke-ostrov-kalaras-postatiszta-belyegek\/"},"modified":"2025-12-05T04:02:15","modified_gmt":"2025-12-05T03:02:15","slug":"1870-romania-ddsg-ostrov-kalaras-es-silistria-utvonalra-keszult-postatiszta-csomagbelyegek","status":"publish","type":"product","link":"https:\/\/stampcurio.com\/hu\/termek\/1870-romania-ddsg-ostrov-kalaras-es-silistria-utvonalra-keszult-postatiszta-csomagbelyegek\/","title":{"rendered":"1870 Rom\u00e1nia &#8211; DDSG &#8211; Ostrov, Kalaras \u00e9s Silistria utvonalra k\u00e9sz\u00fclt postatiszta * csomagb\u00e9lyegek"},"content":{"rendered":"","protected":false},"excerpt":{"rendered":"","protected":false},"featured_media":31254,"template":"","meta":[],"product_brand":[],"product_cat":[1178,1172,1208],"product_tag":[1669,116,323],"class_list":{"0":"post-27462","1":"product","2":"type-product","3":"status-publish","4":"has-post-thumbnail","6":"product_cat-ausztria","7":"product_cat-magyarorszag","8":"product_cat-romania","9":"product_tag-3rd-auction","10":"product_tag-belyeg","11":"product_tag-ddsg","13":"first","14":"outofstock","15":"sold-individually","16":"shipping-taxable","17":"purchasable","18":"product-type-simple"},"_links":{"self":[{"href":"https:\/\/stampcurio.com\/hu\/wp-json\/wp\/v2\/product\/27462","targetHints":{"allow":["GET"]}}],"collection":[{"href":"https:\/\/stampcurio.com\/hu\/wp-json\/wp\/v2\/product"}],"about":[{"href":"https:\/\/stampcurio.com\/hu\/wp-json\/wp\/v2\/types\/product"}],"wp:featuredmedia":[{"embeddable":true,"href":"https:\/\/stampcurio.com\/hu\/wp-json\/wp\/v2\/media\/31254"}],"wp:attachment":[{"href":"https:\/\/stampcurio.com\/hu\/wp-json\/wp\/v2\/media?parent=27462"}],"wp:term":[{"taxonomy":"product_brand","embeddable":true,"href":"https:\/\/stampcurio.com\/hu\/wp-json\/wp\/v2\/product_brand?post=27462"},{"taxonomy":"product_cat","embeddable":true,"href":"https:\/\/stampcurio.com\/hu\/wp-json\/wp\/v2\/product_cat?post=27462"},{"taxonomy":"product_tag","embeddable":true,"href":"https:\/\/stampcurio.com\/hu\/wp-json\/wp\/v2\/product_tag?post=27462"}],"curies":[{"name":"wp","href":"https:\/\/api.w.org\/{rel}","templated":true}]}}