{"id":27460,"date":"2025-11-24T16:30:03","date_gmt":"2025-11-24T15:30:03","guid":{"rendered":"https:\/\/stampcurio.com\/product\/1913-magyarorszag-turul-35-50-filler-tevnyomat-postatiszta-kilences-tomb\/"},"modified":"2026-01-09T17:18:12","modified_gmt":"2026-01-09T16:18:12","slug":"1913-magyarorszag-turul-35-50-filler-tevnyomat-postatiszta-kilences-tombben-phu-151tny-500-eur","status":"publish","type":"product","link":"https:\/\/stampcurio.com\/hu\/termek\/1913-magyarorszag-turul-35-50-filler-tevnyomat-postatiszta-kilences-tombben-phu-151tny-500-eur\/","title":{"rendered":"1913 Magyarorsz\u00e1g &#8211; Turul 35\/50 fill\u00e9r t\u00e9vnyomat, postatiszta kilences t\u00f6mbben | Phu: 151Tny \/ 500 EUR"},"content":{"rendered":"","protected":false},"excerpt":{"rendered":"<p>\u00cdvsz\u00e9len falcnyom, egy b\u00e9lyegen feh\u00e9r betapad\u00e1s nyoma, de a t\u00e9vnyomatos b\u00e9lyeg postatiszta ** hib\u00e1tlan \u00e1llapotban.<\/p>\n","protected":false},"featured_media":33675,"template":"","meta":[],"product_brand":[],"product_cat":[1172],"product_tag":[1669,116,217],"class_list":{"0":"post-27460","1":"product","2":"type-product","3":"status-publish","4":"has-post-thumbnail","6":"product_cat-magyarorszag","7":"product_tag-3rd-auction","8":"product_tag-belyeg","9":"product_tag-tevnyomat","11":"first","12":"outofstock","13":"sold-individually","14":"shipping-taxable","15":"purchasable","16":"product-type-simple"},"_links":{"self":[{"href":"https:\/\/stampcurio.com\/hu\/wp-json\/wp\/v2\/product\/27460","targetHints":{"allow":["GET"]}}],"collection":[{"href":"https:\/\/stampcurio.com\/hu\/wp-json\/wp\/v2\/product"}],"about":[{"href":"https:\/\/stampcurio.com\/hu\/wp-json\/wp\/v2\/types\/product"}],"wp:featuredmedia":[{"embeddable":true,"href":"https:\/\/stampcurio.com\/hu\/wp-json\/wp\/v2\/media\/33675"}],"wp:attachment":[{"href":"https:\/\/stampcurio.com\/hu\/wp-json\/wp\/v2\/media?parent=27460"}],"wp:term":[{"taxonomy":"product_brand","embeddable":true,"href":"https:\/\/stampcurio.com\/hu\/wp-json\/wp\/v2\/product_brand?post=27460"},{"taxonomy":"product_cat","embeddable":true,"href":"https:\/\/stampcurio.com\/hu\/wp-json\/wp\/v2\/product_cat?post=27460"},{"taxonomy":"product_tag","embeddable":true,"href":"https:\/\/stampcurio.com\/hu\/wp-json\/wp\/v2\/product_tag?post=27460"}],"curies":[{"name":"wp","href":"https:\/\/api.w.org\/{rel}","templated":true}]}}