{"id":27458,"date":"2025-11-24T16:29:59","date_gmt":"2025-11-24T15:29:59","guid":{"rendered":"https:\/\/stampcurio.com\/product\/1871-magyarorszag-3-kr-konyomat-iii-tipus-postatiszta-enyvezes-nelkul\/"},"modified":"2026-01-05T15:05:05","modified_gmt":"2026-01-05T14:05:05","slug":"1871-magyarorszag-3-kr-konyomat-vagott-iii-tipus-postatiszta-enyvezes-nelkul","status":"publish","type":"product","link":"https:\/\/stampcurio.com\/hu\/termek\/1871-magyarorszag-3-kr-konyomat-vagott-iii-tipus-postatiszta-enyvezes-nelkul\/","title":{"rendered":"1871 Magyarorsz\u00e1g \u2013 3 kr k\u0151nyomat v\u00e1gott III. t\u00edpus, postatiszta, enyvez\u00e9s n\u00e9lk\u00fcl"},"content":{"rendered":"","protected":false},"excerpt":{"rendered":"","protected":false},"featured_media":35157,"template":"","meta":[],"product_brand":[],"product_cat":[1172],"product_tag":[1669,116,176,390,1006],"class_list":{"0":"post-27458","1":"product","2":"type-product","3":"status-publish","4":"has-post-thumbnail","6":"product_cat-magyarorszag","7":"product_tag-3rd-auction","8":"product_tag-belyeg","9":"product_tag-philagem","10":"product_tag-probanyomat","11":"product_tag-unsold","13":"first","14":"instock","15":"sold-individually","16":"shipping-taxable","17":"purchasable","18":"product-type-simple"},"_links":{"self":[{"href":"https:\/\/stampcurio.com\/hu\/wp-json\/wp\/v2\/product\/27458","targetHints":{"allow":["GET"]}}],"collection":[{"href":"https:\/\/stampcurio.com\/hu\/wp-json\/wp\/v2\/product"}],"about":[{"href":"https:\/\/stampcurio.com\/hu\/wp-json\/wp\/v2\/types\/product"}],"wp:featuredmedia":[{"embeddable":true,"href":"https:\/\/stampcurio.com\/hu\/wp-json\/wp\/v2\/media\/35157"}],"wp:attachment":[{"href":"https:\/\/stampcurio.com\/hu\/wp-json\/wp\/v2\/media?parent=27458"}],"wp:term":[{"taxonomy":"product_brand","embeddable":true,"href":"https:\/\/stampcurio.com\/hu\/wp-json\/wp\/v2\/product_brand?post=27458"},{"taxonomy":"product_cat","embeddable":true,"href":"https:\/\/stampcurio.com\/hu\/wp-json\/wp\/v2\/product_cat?post=27458"},{"taxonomy":"product_tag","embeddable":true,"href":"https:\/\/stampcurio.com\/hu\/wp-json\/wp\/v2\/product_tag?post=27458"}],"curies":[{"name":"wp","href":"https:\/\/api.w.org\/{rel}","templated":true}]}}