{"id":27455,"date":"2025-11-24T16:29:58","date_gmt":"2025-11-24T15:29:58","guid":{"rendered":"https:\/\/stampcurio.com\/product\/1914-bosznia-harmascsik-a-felulnyomat-i-tipusu-hianyaval\/"},"modified":"2025-12-05T04:02:17","modified_gmt":"2025-12-05T03:02:17","slug":"1914-bosznia-hercegovina-harmascsik-i-tipusu-felulnyomattal-a-kozeso-belyegen-a-felulnyomat-reszleges-hianyaval","status":"publish","type":"product","link":"https:\/\/stampcurio.com\/hu\/termek\/1914-bosznia-hercegovina-harmascsik-i-tipusu-felulnyomattal-a-kozeso-belyegen-a-felulnyomat-reszleges-hianyaval\/","title":{"rendered":"1914 Bosznia-Hercegovina &#8211; h\u00e1rmascs\u00edk I. t\u00edpus\u00fa fel\u00fclnyomattal &#8211; a k\u00f6z\u00e9s\u0151 b\u00e9lyegen a fel\u00fclnyomat r\u00e9szleges hi\u00e1ny\u00e1val"},"content":{"rendered":"","protected":false},"excerpt":{"rendered":"","protected":false},"featured_media":32997,"template":"","meta":[],"product_brand":[],"product_cat":[1178,1222,1172],"product_tag":[1669,116,217],"class_list":{"0":"post-27455","1":"product","2":"type-product","3":"status-publish","4":"has-post-thumbnail","6":"product_cat-ausztria","7":"product_cat-bosznia-hercegovina","8":"product_cat-magyarorszag","9":"product_tag-3rd-auction","10":"product_tag-belyeg","11":"product_tag-tevnyomat","13":"first","14":"outofstock","15":"sold-individually","16":"shipping-taxable","17":"purchasable","18":"product-type-simple"},"_links":{"self":[{"href":"https:\/\/stampcurio.com\/hu\/wp-json\/wp\/v2\/product\/27455","targetHints":{"allow":["GET"]}}],"collection":[{"href":"https:\/\/stampcurio.com\/hu\/wp-json\/wp\/v2\/product"}],"about":[{"href":"https:\/\/stampcurio.com\/hu\/wp-json\/wp\/v2\/types\/product"}],"wp:featuredmedia":[{"embeddable":true,"href":"https:\/\/stampcurio.com\/hu\/wp-json\/wp\/v2\/media\/32997"}],"wp:attachment":[{"href":"https:\/\/stampcurio.com\/hu\/wp-json\/wp\/v2\/media?parent=27455"}],"wp:term":[{"taxonomy":"product_brand","embeddable":true,"href":"https:\/\/stampcurio.com\/hu\/wp-json\/wp\/v2\/product_brand?post=27455"},{"taxonomy":"product_cat","embeddable":true,"href":"https:\/\/stampcurio.com\/hu\/wp-json\/wp\/v2\/product_cat?post=27455"},{"taxonomy":"product_tag","embeddable":true,"href":"https:\/\/stampcurio.com\/hu\/wp-json\/wp\/v2\/product_tag?post=27455"}],"curies":[{"name":"wp","href":"https:\/\/api.w.org\/{rel}","templated":true}]}}