{"id":27452,"date":"2025-11-24T16:29:57","date_gmt":"2025-11-24T15:29:57","guid":{"rendered":"https:\/\/stampcurio.com\/product\/1926-magyarorszag-postai-hamisitvany-hamis-32-filler-vabott-postatiszta-elcsuszott-kozepresszel\/"},"modified":"2025-12-05T04:02:17","modified_gmt":"2025-12-05T03:02:17","slug":"1926-magyarorszag-postai-hamisitvany-32-filler-vagott-es-elcsuszott-kozepresszel-nagy-ronda-folttal-de-igy-is-ritka","status":"publish","type":"product","link":"https:\/\/stampcurio.com\/hu\/termek\/1926-magyarorszag-postai-hamisitvany-32-filler-vagott-es-elcsuszott-kozepresszel-nagy-ronda-folttal-de-igy-is-ritka\/","title":{"rendered":"1926 Magyarorsz\u00e1g &#8211; postai hamis\u00edtv\u00e1ny, 32 fill\u00e9r v\u00e1gott \u00e9s elcs\u00faszott k\u00f6z\u00e9pr\u00e9sszel. Nagy ronda folttal, de \u00edgy is ritka."},"content":{"rendered":"","protected":false},"excerpt":{"rendered":"","protected":false},"featured_media":34718,"template":"","meta":[],"product_brand":[],"product_cat":[1172],"product_tag":[1669,116,452,390,217],"class_list":{"0":"post-27452","1":"product","2":"type-product","3":"status-publish","4":"has-post-thumbnail","6":"product_cat-magyarorszag","7":"product_tag-3rd-auction","8":"product_tag-belyeg","9":"product_tag-csalard-bermentesites","10":"product_tag-probanyomat","11":"product_tag-tevnyomat","13":"first","14":"outofstock","15":"sold-individually","16":"shipping-taxable","17":"purchasable","18":"product-type-simple"},"_links":{"self":[{"href":"https:\/\/stampcurio.com\/hu\/wp-json\/wp\/v2\/product\/27452","targetHints":{"allow":["GET"]}}],"collection":[{"href":"https:\/\/stampcurio.com\/hu\/wp-json\/wp\/v2\/product"}],"about":[{"href":"https:\/\/stampcurio.com\/hu\/wp-json\/wp\/v2\/types\/product"}],"wp:featuredmedia":[{"embeddable":true,"href":"https:\/\/stampcurio.com\/hu\/wp-json\/wp\/v2\/media\/34718"}],"wp:attachment":[{"href":"https:\/\/stampcurio.com\/hu\/wp-json\/wp\/v2\/media?parent=27452"}],"wp:term":[{"taxonomy":"product_brand","embeddable":true,"href":"https:\/\/stampcurio.com\/hu\/wp-json\/wp\/v2\/product_brand?post=27452"},{"taxonomy":"product_cat","embeddable":true,"href":"https:\/\/stampcurio.com\/hu\/wp-json\/wp\/v2\/product_cat?post=27452"},{"taxonomy":"product_tag","embeddable":true,"href":"https:\/\/stampcurio.com\/hu\/wp-json\/wp\/v2\/product_tag?post=27452"}],"curies":[{"name":"wp","href":"https:\/\/api.w.org\/{rel}","templated":true}]}}