{"id":27450,"date":"2025-11-24T16:29:56","date_gmt":"2025-11-24T15:29:56","guid":{"rendered":"https:\/\/stampcurio.com\/product\/1926-magyarorszag-postai-hamisitvany-hamis-6-filler-postatiszta-ketoldalon-fogazott-ketoldalon-vagott\/"},"modified":"2025-12-05T04:02:19","modified_gmt":"2025-12-05T03:02:19","slug":"1926-magyarorszag-postai-hamisitvany-16-filler-postatiszta-ketoldalon-fogazott-ketoldalon-vagott","status":"publish","type":"product","link":"https:\/\/stampcurio.com\/hu\/termek\/1926-magyarorszag-postai-hamisitvany-16-filler-postatiszta-ketoldalon-fogazott-ketoldalon-vagott\/","title":{"rendered":"1926 Magyarorsz\u00e1g &#8211; postai hamis\u00edtv\u00e1ny, 16 fill\u00e9r postatiszta \u2013 k\u00e9toldalon fogazott, k\u00e9toldalon v\u00e1gott"},"content":{"rendered":"","protected":false},"excerpt":{"rendered":"","protected":false},"featured_media":35101,"template":"","meta":[],"product_brand":[],"product_cat":[1172],"product_tag":[1669,116,452],"class_list":{"0":"post-27450","1":"product","2":"type-product","3":"status-publish","4":"has-post-thumbnail","6":"product_cat-magyarorszag","7":"product_tag-3rd-auction","8":"product_tag-belyeg","9":"product_tag-csalard-bermentesites","11":"first","12":"outofstock","13":"sold-individually","14":"shipping-taxable","15":"purchasable","16":"product-type-simple"},"_links":{"self":[{"href":"https:\/\/stampcurio.com\/hu\/wp-json\/wp\/v2\/product\/27450","targetHints":{"allow":["GET"]}}],"collection":[{"href":"https:\/\/stampcurio.com\/hu\/wp-json\/wp\/v2\/product"}],"about":[{"href":"https:\/\/stampcurio.com\/hu\/wp-json\/wp\/v2\/types\/product"}],"wp:featuredmedia":[{"embeddable":true,"href":"https:\/\/stampcurio.com\/hu\/wp-json\/wp\/v2\/media\/35101"}],"wp:attachment":[{"href":"https:\/\/stampcurio.com\/hu\/wp-json\/wp\/v2\/media?parent=27450"}],"wp:term":[{"taxonomy":"product_brand","embeddable":true,"href":"https:\/\/stampcurio.com\/hu\/wp-json\/wp\/v2\/product_brand?post=27450"},{"taxonomy":"product_cat","embeddable":true,"href":"https:\/\/stampcurio.com\/hu\/wp-json\/wp\/v2\/product_cat?post=27450"},{"taxonomy":"product_tag","embeddable":true,"href":"https:\/\/stampcurio.com\/hu\/wp-json\/wp\/v2\/product_tag?post=27450"}],"curies":[{"name":"wp","href":"https:\/\/api.w.org\/{rel}","templated":true}]}}