{"id":27449,"date":"2025-11-24T16:29:56","date_gmt":"2025-11-24T15:29:56","guid":{"rendered":"https:\/\/stampcurio.com\/product\/1926-magyarorszag-postai-hamisitvany-hamis-pecsetelt-8-es-16-filler\/"},"modified":"2025-12-05T04:02:18","modified_gmt":"2025-12-05T03:02:18","slug":"1926-magyarorszag-postai-hamisitvany-a-mindket-valoban-forgalomba-kerult-belyeg","status":"publish","type":"product","link":"https:\/\/stampcurio.com\/hu\/termek\/1926-magyarorszag-postai-hamisitvany-a-mindket-valoban-forgalomba-kerult-belyeg\/","title":{"rendered":"1926 Magyarorsz\u00e1g &#8211; postai hamis\u00edtv\u00e1ny, a mindk\u00e9t val\u00f3ban forgalomba ker\u00fclt b\u00e9lyeg"},"content":{"rendered":"","protected":false},"excerpt":{"rendered":"","protected":false},"featured_media":35129,"template":"","meta":[],"product_brand":[],"product_cat":[1172],"product_tag":[1669,116,452],"class_list":{"0":"post-27449","1":"product","2":"type-product","3":"status-publish","4":"has-post-thumbnail","6":"product_cat-magyarorszag","7":"product_tag-3rd-auction","8":"product_tag-belyeg","9":"product_tag-csalard-bermentesites","11":"first","12":"outofstock","13":"sold-individually","14":"shipping-taxable","15":"purchasable","16":"product-type-simple"},"_links":{"self":[{"href":"https:\/\/stampcurio.com\/hu\/wp-json\/wp\/v2\/product\/27449","targetHints":{"allow":["GET"]}}],"collection":[{"href":"https:\/\/stampcurio.com\/hu\/wp-json\/wp\/v2\/product"}],"about":[{"href":"https:\/\/stampcurio.com\/hu\/wp-json\/wp\/v2\/types\/product"}],"wp:featuredmedia":[{"embeddable":true,"href":"https:\/\/stampcurio.com\/hu\/wp-json\/wp\/v2\/media\/35129"}],"wp:attachment":[{"href":"https:\/\/stampcurio.com\/hu\/wp-json\/wp\/v2\/media?parent=27449"}],"wp:term":[{"taxonomy":"product_brand","embeddable":true,"href":"https:\/\/stampcurio.com\/hu\/wp-json\/wp\/v2\/product_brand?post=27449"},{"taxonomy":"product_cat","embeddable":true,"href":"https:\/\/stampcurio.com\/hu\/wp-json\/wp\/v2\/product_cat?post=27449"},{"taxonomy":"product_tag","embeddable":true,"href":"https:\/\/stampcurio.com\/hu\/wp-json\/wp\/v2\/product_tag?post=27449"}],"curies":[{"name":"wp","href":"https:\/\/api.w.org\/{rel}","templated":true}]}}