{"id":27448,"date":"2025-11-24T16:29:56","date_gmt":"2025-11-24T15:29:56","guid":{"rendered":"https:\/\/stampcurio.com\/product\/1926-magyarorszag-1926-hungary-postal-forgery-forged-16-filler-stamp-with-original-p-m-k-b-perfin-a-perfin-rarity\/"},"modified":"2025-12-05T04:02:18","modified_gmt":"2025-12-05T03:02:18","slug":"1926-magyarorszag-postai-hamisitvany-16-filler-p-m-k-b-perfinnel-perfin-ritkasag","status":"publish","type":"product","link":"https:\/\/stampcurio.com\/hu\/termek\/1926-magyarorszag-postai-hamisitvany-16-filler-p-m-k-b-perfinnel-perfin-ritkasag\/","title":{"rendered":"1926 Magyarorsz\u00e1g &#8211;  postai hamis\u00edtv\u00e1ny 16 filler P.M.K.B. perfinnel &#8211; perfin ritkas\u00e1g"},"content":{"rendered":"","protected":false},"excerpt":{"rendered":"","protected":false},"featured_media":35143,"template":"","meta":[],"product_brand":[],"product_cat":[1172],"product_tag":[1669,116,452,230],"class_list":{"0":"post-27448","1":"product","2":"type-product","3":"status-publish","4":"has-post-thumbnail","6":"product_cat-magyarorszag","7":"product_tag-3rd-auction","8":"product_tag-belyeg","9":"product_tag-csalard-bermentesites","10":"product_tag-perfin","12":"first","13":"outofstock","14":"sold-individually","15":"shipping-taxable","16":"purchasable","17":"product-type-simple"},"_links":{"self":[{"href":"https:\/\/stampcurio.com\/hu\/wp-json\/wp\/v2\/product\/27448","targetHints":{"allow":["GET"]}}],"collection":[{"href":"https:\/\/stampcurio.com\/hu\/wp-json\/wp\/v2\/product"}],"about":[{"href":"https:\/\/stampcurio.com\/hu\/wp-json\/wp\/v2\/types\/product"}],"wp:featuredmedia":[{"embeddable":true,"href":"https:\/\/stampcurio.com\/hu\/wp-json\/wp\/v2\/media\/35143"}],"wp:attachment":[{"href":"https:\/\/stampcurio.com\/hu\/wp-json\/wp\/v2\/media?parent=27448"}],"wp:term":[{"taxonomy":"product_brand","embeddable":true,"href":"https:\/\/stampcurio.com\/hu\/wp-json\/wp\/v2\/product_brand?post=27448"},{"taxonomy":"product_cat","embeddable":true,"href":"https:\/\/stampcurio.com\/hu\/wp-json\/wp\/v2\/product_cat?post=27448"},{"taxonomy":"product_tag","embeddable":true,"href":"https:\/\/stampcurio.com\/hu\/wp-json\/wp\/v2\/product_tag?post=27448"}],"curies":[{"name":"wp","href":"https:\/\/api.w.org\/{rel}","templated":true}]}}