{"id":27447,"date":"2025-11-24T16:29:55","date_gmt":"2025-11-24T15:29:55","guid":{"rendered":"https:\/\/stampcurio.com\/product\/1850-ausztria-3-kr-okucane-pitomaca-popovetz-lebelyegzesek-gudlin-1100-pont\/"},"modified":"2026-01-05T15:05:06","modified_gmt":"2026-01-05T14:05:06","slug":"1850-ausztria-horvatorszagi-belyegzesek-okucane-pitomaca-popovetz-gudlin-1100-pont-muller-220-pont","status":"publish","type":"product","link":"https:\/\/stampcurio.com\/hu\/termek\/1850-ausztria-horvatorszagi-belyegzesek-okucane-pitomaca-popovetz-gudlin-1100-pont-muller-220-pont\/","title":{"rendered":"1850 Ausztria &#8211; Horv\u00e1torsz\u00e1gi b\u00e9lyegz\u00e9sek: OKUCANE, PITOMACA, POPOVETZ | Gudlin: 1100 pont, M\u00fcller: 220 pont"},"content":{"rendered":"","protected":false},"excerpt":{"rendered":"","protected":false},"featured_media":35149,"template":"","meta":[],"product_brand":[],"product_cat":[1178,1192,1172],"product_tag":[1669,116,1041,1006],"class_list":{"0":"post-27447","1":"product","2":"type-product","3":"status-publish","4":"has-post-thumbnail","6":"product_cat-ausztria","7":"product_cat-horvatorszag","8":"product_cat-magyarorszag","9":"product_tag-3rd-auction","10":"product_tag-belyeg","11":"product_tag-marcophily-hu","12":"product_tag-unsold","14":"first","15":"instock","16":"sold-individually","17":"shipping-taxable","18":"purchasable","19":"product-type-simple"},"_links":{"self":[{"href":"https:\/\/stampcurio.com\/hu\/wp-json\/wp\/v2\/product\/27447","targetHints":{"allow":["GET"]}}],"collection":[{"href":"https:\/\/stampcurio.com\/hu\/wp-json\/wp\/v2\/product"}],"about":[{"href":"https:\/\/stampcurio.com\/hu\/wp-json\/wp\/v2\/types\/product"}],"wp:featuredmedia":[{"embeddable":true,"href":"https:\/\/stampcurio.com\/hu\/wp-json\/wp\/v2\/media\/35149"}],"wp:attachment":[{"href":"https:\/\/stampcurio.com\/hu\/wp-json\/wp\/v2\/media?parent=27447"}],"wp:term":[{"taxonomy":"product_brand","embeddable":true,"href":"https:\/\/stampcurio.com\/hu\/wp-json\/wp\/v2\/product_brand?post=27447"},{"taxonomy":"product_cat","embeddable":true,"href":"https:\/\/stampcurio.com\/hu\/wp-json\/wp\/v2\/product_cat?post=27447"},{"taxonomy":"product_tag","embeddable":true,"href":"https:\/\/stampcurio.com\/hu\/wp-json\/wp\/v2\/product_tag?post=27447"}],"curies":[{"name":"wp","href":"https:\/\/api.w.org\/{rel}","templated":true}]}}