{"id":27446,"date":"2025-11-24T16:29:55","date_gmt":"2025-11-24T15:29:55","guid":{"rendered":"https:\/\/stampcurio.com\/product\/1850-ausztria-3-kr-i-tipus-gepi-papir-mp-pressburg-belyegzessel-latvanyos-papirranccal\/"},"modified":"2025-12-05T04:02:19","modified_gmt":"2025-12-05T03:02:19","slug":"1850-ausztria-3-kr-kezi-papir-hp-i-tipus-pressburg-belyegzessel-latvanyos-papirranccal","status":"publish","type":"product","link":"https:\/\/stampcurio.com\/hu\/termek\/1850-ausztria-3-kr-kezi-papir-hp-i-tipus-pressburg-belyegzessel-latvanyos-papirranccal\/","title":{"rendered":"1850 Ausztria &#8211; 3 kr k\u00e9zi pap\u00edr (HP) I. t\u00edpus PRESSBURG b\u00e9lyegz\u00e9ssel, l\u00e1tv\u00e1nyos pap\u00edrr\u00e1nccal"},"content":{"rendered":"","protected":false},"excerpt":{"rendered":"<p>Kis szakad\u00e1s \u00e9s elv\u00e9konyod\u00e1s a tetej\u00e9n<\/p>\n","protected":false},"featured_media":35097,"template":"","meta":[],"product_brand":[],"product_cat":[1178,1172,1189],"product_tag":[1669,116,217],"class_list":{"0":"post-27446","1":"product","2":"type-product","3":"status-publish","4":"has-post-thumbnail","6":"product_cat-ausztria","7":"product_cat-magyarorszag","8":"product_cat-szlovakia","9":"product_tag-3rd-auction","10":"product_tag-belyeg","11":"product_tag-tevnyomat","13":"first","14":"outofstock","15":"sold-individually","16":"shipping-taxable","17":"purchasable","18":"product-type-simple"},"_links":{"self":[{"href":"https:\/\/stampcurio.com\/hu\/wp-json\/wp\/v2\/product\/27446","targetHints":{"allow":["GET"]}}],"collection":[{"href":"https:\/\/stampcurio.com\/hu\/wp-json\/wp\/v2\/product"}],"about":[{"href":"https:\/\/stampcurio.com\/hu\/wp-json\/wp\/v2\/types\/product"}],"wp:featuredmedia":[{"embeddable":true,"href":"https:\/\/stampcurio.com\/hu\/wp-json\/wp\/v2\/media\/35097"}],"wp:attachment":[{"href":"https:\/\/stampcurio.com\/hu\/wp-json\/wp\/v2\/media?parent=27446"}],"wp:term":[{"taxonomy":"product_brand","embeddable":true,"href":"https:\/\/stampcurio.com\/hu\/wp-json\/wp\/v2\/product_brand?post=27446"},{"taxonomy":"product_cat","embeddable":true,"href":"https:\/\/stampcurio.com\/hu\/wp-json\/wp\/v2\/product_cat?post=27446"},{"taxonomy":"product_tag","embeddable":true,"href":"https:\/\/stampcurio.com\/hu\/wp-json\/wp\/v2\/product_tag?post=27446"}],"curies":[{"name":"wp","href":"https:\/\/api.w.org\/{rel}","templated":true}]}}