{"id":27445,"date":"2025-11-24T16:29:54","date_gmt":"2025-11-24T15:29:54","guid":{"rendered":"https:\/\/stampcurio.com\/product\/1850-ausztria-tornarol-zebenbe-kuldott-i-zonas-level-patriota-piros-fekete-bermentesitessel-sign-attest-mattl\/"},"modified":"2025-12-05T04:02:20","modified_gmt":"2025-12-05T03:02:20","slug":"1850-ausztria-tornarol-zebenbe-kuldott-i-zonas-level-patriota-sarga-fekete-bermentesitessel-szep-minosegben-sign-attest-mattl","status":"publish","type":"product","link":"https:\/\/stampcurio.com\/hu\/termek\/1850-ausztria-tornarol-zebenbe-kuldott-i-zonas-level-patriota-sarga-fekete-bermentesitessel-szep-minosegben-sign-attest-mattl\/","title":{"rendered":"1850 Ausztria &#8211; Torn\u00e1r\u00f3l Zebenbe k\u00fcld\u00f6tt I. z\u00f3n\u00e1s lev\u00e9l patri\u00f3ta (s\u00e1rga-fekete) b\u00e9rmentes\u00edt\u00e9ssel sz\u00e9p min\u0151s\u00e9gben | Sign + attest: Mattl"},"content":{"rendered":"","protected":false},"excerpt":{"rendered":"","protected":false},"featured_media":32199,"template":"","meta":[],"product_brand":[],"product_cat":[1178,1172,1189],"product_tag":[1669,116,1041,176,89],"class_list":{"0":"post-27445","1":"product","2":"type-product","3":"status-publish","4":"has-post-thumbnail","6":"product_cat-ausztria","7":"product_cat-magyarorszag","8":"product_cat-szlovakia","9":"product_tag-3rd-auction","10":"product_tag-belyeg","11":"product_tag-marcophily-hu","12":"product_tag-philagem","13":"product_tag-postatortenet","15":"first","16":"outofstock","17":"sold-individually","18":"shipping-taxable","19":"purchasable","20":"product-type-simple"},"_links":{"self":[{"href":"https:\/\/stampcurio.com\/hu\/wp-json\/wp\/v2\/product\/27445","targetHints":{"allow":["GET"]}}],"collection":[{"href":"https:\/\/stampcurio.com\/hu\/wp-json\/wp\/v2\/product"}],"about":[{"href":"https:\/\/stampcurio.com\/hu\/wp-json\/wp\/v2\/types\/product"}],"wp:featuredmedia":[{"embeddable":true,"href":"https:\/\/stampcurio.com\/hu\/wp-json\/wp\/v2\/media\/32199"}],"wp:attachment":[{"href":"https:\/\/stampcurio.com\/hu\/wp-json\/wp\/v2\/media?parent=27445"}],"wp:term":[{"taxonomy":"product_brand","embeddable":true,"href":"https:\/\/stampcurio.com\/hu\/wp-json\/wp\/v2\/product_brand?post=27445"},{"taxonomy":"product_cat","embeddable":true,"href":"https:\/\/stampcurio.com\/hu\/wp-json\/wp\/v2\/product_cat?post=27445"},{"taxonomy":"product_tag","embeddable":true,"href":"https:\/\/stampcurio.com\/hu\/wp-json\/wp\/v2\/product_tag?post=27445"}],"curies":[{"name":"wp","href":"https:\/\/api.w.org\/{rel}","templated":true}]}}