{"id":27444,"date":"2025-11-24T16:29:54","date_gmt":"2025-11-24T15:29:54","guid":{"rendered":"https:\/\/stampcurio.com\/product\/1910-bosznia-1910-gedenkenausgabe-bosnien-herzegovina\/"},"modified":"2026-01-05T15:05:06","modified_gmt":"2026-01-05T14:05:06","slug":"1910-1912-bosznia-hercegovina-ket-jo-minosegu-pecsetelt-sor-gedenkenausgabe-es-a-erganzungsausgabe-ferchenbauer-161-eur","status":"publish","type":"product","link":"https:\/\/stampcurio.com\/hu\/termek\/1910-1912-bosznia-hercegovina-ket-jo-minosegu-pecsetelt-sor-gedenkenausgabe-es-a-erganzungsausgabe-ferchenbauer-161-eur\/","title":{"rendered":"1910 \/ 1912 Bosznia-Hercegovina &#8211; k\u00e9t j\u00f3 min\u0151s\u00e9g\u0171 pecs\u00e9telt sor Gedenkenausgabe \u00e9s a Erg\u00e4nzungsausgabe | Ferchenbauer 161 EUR"},"content":{"rendered":"","protected":false},"excerpt":{"rendered":"","protected":false},"featured_media":34714,"template":"","meta":[],"product_brand":[],"product_cat":[1178,1222,1172],"product_tag":[1669,116,1006],"class_list":{"0":"post-27444","1":"product","2":"type-product","3":"status-publish","4":"has-post-thumbnail","6":"product_cat-ausztria","7":"product_cat-bosznia-hercegovina","8":"product_cat-magyarorszag","9":"product_tag-3rd-auction","10":"product_tag-belyeg","11":"product_tag-unsold","13":"first","14":"instock","15":"sold-individually","16":"shipping-taxable","17":"purchasable","18":"product-type-simple"},"_links":{"self":[{"href":"https:\/\/stampcurio.com\/hu\/wp-json\/wp\/v2\/product\/27444","targetHints":{"allow":["GET"]}}],"collection":[{"href":"https:\/\/stampcurio.com\/hu\/wp-json\/wp\/v2\/product"}],"about":[{"href":"https:\/\/stampcurio.com\/hu\/wp-json\/wp\/v2\/types\/product"}],"wp:featuredmedia":[{"embeddable":true,"href":"https:\/\/stampcurio.com\/hu\/wp-json\/wp\/v2\/media\/34714"}],"wp:attachment":[{"href":"https:\/\/stampcurio.com\/hu\/wp-json\/wp\/v2\/media?parent=27444"}],"wp:term":[{"taxonomy":"product_brand","embeddable":true,"href":"https:\/\/stampcurio.com\/hu\/wp-json\/wp\/v2\/product_brand?post=27444"},{"taxonomy":"product_cat","embeddable":true,"href":"https:\/\/stampcurio.com\/hu\/wp-json\/wp\/v2\/product_cat?post=27444"},{"taxonomy":"product_tag","embeddable":true,"href":"https:\/\/stampcurio.com\/hu\/wp-json\/wp\/v2\/product_tag?post=27444"}],"curies":[{"name":"wp","href":"https:\/\/api.w.org\/{rel}","templated":true}]}}