{"id":27443,"date":"2025-11-24T16:29:54","date_gmt":"2025-11-24T15:29:54","guid":{"rendered":"https:\/\/stampcurio.com\/product\/1813-olaszorszag-az-olasz-hadsereg-laybachbol-toulouse-ba-kuldott-1813-szeptember-1-jei-keltezesu-harom-oldalas-erdekes-katonai-esemenyek-leirasat-tartalmazo-level\/"},"modified":"2025-12-05T04:02:20","modified_gmt":"2025-12-05T03:02:20","slug":"1813-olaszorszag-az-olasz-hadsereg-tabori-postajaval-laybachbol-toulouse-ba-kuldott-1813-szeptember-1-jei-keltezesu-harom-oldalas-erdekes-katonai-esemenyek-leirasat-is-tartalmazo-level-larmee","status":"publish","type":"product","link":"https:\/\/stampcurio.com\/hu\/termek\/1813-olaszorszag-az-olasz-hadsereg-tabori-postajaval-laybachbol-toulouse-ba-kuldott-1813-szeptember-1-jei-keltezesu-harom-oldalas-erdekes-katonai-esemenyek-leirasat-is-tartalmazo-level-larmee\/","title":{"rendered":"1813 Olaszorsz\u00e1g &#8211; Az olasz hadsereg t\u00e1bori post\u00e1j\u00e1val Laybachb\u00f3l Toulouse-ba k\u00fcld\u00f6tt, 1813. szeptember 1-jei keltez\u00e9s\u0171, h\u00e1rom oldalas, \u00e9rdekes katonai esem\u00e9nyek le\u00edr\u00e1s\u00e1t is tartalmaz\u00f3 lev\u00e9l &#8220;L&#8217;Arm\u00e9e d&#8217;Italie&#8221; b\u00e9lyegz\u00e9ssel"},"content":{"rendered":"","protected":false},"excerpt":{"rendered":"","protected":false},"featured_media":28555,"template":"","meta":[],"product_brand":[],"product_cat":[1178,1181,1172,1183,1236],"product_tag":[1669,1041,176,89,1305],"class_list":{"0":"post-27443","1":"product","2":"type-product","3":"status-publish","4":"has-post-thumbnail","6":"product_cat-ausztria","7":"product_cat-franciaorszag","8":"product_cat-magyarorszag","9":"product_cat-olaszorszag","10":"product_cat-szlovenia","11":"product_tag-3rd-auction","12":"product_tag-marcophily-hu","13":"product_tag-philagem","14":"product_tag-postatortenet","15":"product_tag-vorphila","17":"first","18":"outofstock","19":"sold-individually","20":"shipping-taxable","21":"purchasable","22":"product-type-simple"},"_links":{"self":[{"href":"https:\/\/stampcurio.com\/hu\/wp-json\/wp\/v2\/product\/27443","targetHints":{"allow":["GET"]}}],"collection":[{"href":"https:\/\/stampcurio.com\/hu\/wp-json\/wp\/v2\/product"}],"about":[{"href":"https:\/\/stampcurio.com\/hu\/wp-json\/wp\/v2\/types\/product"}],"wp:featuredmedia":[{"embeddable":true,"href":"https:\/\/stampcurio.com\/hu\/wp-json\/wp\/v2\/media\/28555"}],"wp:attachment":[{"href":"https:\/\/stampcurio.com\/hu\/wp-json\/wp\/v2\/media?parent=27443"}],"wp:term":[{"taxonomy":"product_brand","embeddable":true,"href":"https:\/\/stampcurio.com\/hu\/wp-json\/wp\/v2\/product_brand?post=27443"},{"taxonomy":"product_cat","embeddable":true,"href":"https:\/\/stampcurio.com\/hu\/wp-json\/wp\/v2\/product_cat?post=27443"},{"taxonomy":"product_tag","embeddable":true,"href":"https:\/\/stampcurio.com\/hu\/wp-json\/wp\/v2\/product_tag?post=27443"}],"curies":[{"name":"wp","href":"https:\/\/api.w.org\/{rel}","templated":true}]}}