{"id":27442,"date":"2025-11-24T16:29:53","date_gmt":"2025-11-24T15:29:53","guid":{"rendered":"https:\/\/stampcurio.com\/product\/1920-romania-balazsfalvara-kuldott-koznapi-levelezolap-roman-felulnyomasu-magyar-belyegekkel-pruf-bodor\/"},"modified":"2025-12-05T04:02:21","modified_gmt":"2025-12-05T03:02:21","slug":"1920-romania-balazsfalvara-kuldott-koznapi-levelezolap-kolozsvari-felulnyomasu-belyegekkel-roman-cenzuraval-pruf-bodor","status":"publish","type":"product","link":"https:\/\/stampcurio.com\/hu\/termek\/1920-romania-balazsfalvara-kuldott-koznapi-levelezolap-kolozsvari-felulnyomasu-belyegekkel-roman-cenzuraval-pruf-bodor\/","title":{"rendered":"1920 Rom\u00e1nia &#8211; Bal\u00e1zsfalv\u00e1ra k\u00fcld\u00f6tt k\u00f6znapi levelez\u0151lap kolozsv\u00e1ri fel\u00fclnyom\u00e1s\u00fa b\u00e9lyegekkel rom\u00e1n cenz\u00far\u00e1val | pr\u00fcf: Bodor"},"content":{"rendered":"","protected":false},"excerpt":{"rendered":"","protected":false},"featured_media":35603,"template":"","meta":[],"product_brand":[],"product_cat":[1172,1208],"product_tag":[1669,116,233,1332,89],"class_list":{"0":"post-27442","1":"product","2":"type-product","3":"status-publish","4":"has-post-thumbnail","6":"product_cat-magyarorszag","7":"product_cat-romania","8":"product_tag-3rd-auction","9":"product_tag-belyeg","10":"product_tag-cenzura","11":"product_tag-helyi-kiadas","12":"product_tag-postatortenet","14":"first","15":"outofstock","16":"sold-individually","17":"shipping-taxable","18":"purchasable","19":"product-type-simple"},"_links":{"self":[{"href":"https:\/\/stampcurio.com\/hu\/wp-json\/wp\/v2\/product\/27442","targetHints":{"allow":["GET"]}}],"collection":[{"href":"https:\/\/stampcurio.com\/hu\/wp-json\/wp\/v2\/product"}],"about":[{"href":"https:\/\/stampcurio.com\/hu\/wp-json\/wp\/v2\/types\/product"}],"wp:featuredmedia":[{"embeddable":true,"href":"https:\/\/stampcurio.com\/hu\/wp-json\/wp\/v2\/media\/35603"}],"wp:attachment":[{"href":"https:\/\/stampcurio.com\/hu\/wp-json\/wp\/v2\/media?parent=27442"}],"wp:term":[{"taxonomy":"product_brand","embeddable":true,"href":"https:\/\/stampcurio.com\/hu\/wp-json\/wp\/v2\/product_brand?post=27442"},{"taxonomy":"product_cat","embeddable":true,"href":"https:\/\/stampcurio.com\/hu\/wp-json\/wp\/v2\/product_cat?post=27442"},{"taxonomy":"product_tag","embeddable":true,"href":"https:\/\/stampcurio.com\/hu\/wp-json\/wp\/v2\/product_tag?post=27442"}],"curies":[{"name":"wp","href":"https:\/\/api.w.org\/{rel}","templated":true}]}}