{"id":27441,"date":"2025-11-24T16:29:53","date_gmt":"2025-11-24T15:29:53","guid":{"rendered":"https:\/\/stampcurio.com\/product\/1931-32-magyarorszag-konzuli-illetek-belyegek-sor-50-es-100-aranypengo-nelkul-ritkan-lathato-sorozat\/"},"modified":"2026-01-05T15:05:06","modified_gmt":"2026-01-05T14:05:06","slug":"1931-32-magyarorszag-konzuli-illetek-belyegek-rovid-sor-ritkan-lathato-sorozat","status":"publish","type":"product","link":"https:\/\/stampcurio.com\/hu\/termek\/1931-32-magyarorszag-konzuli-illetek-belyegek-rovid-sor-ritkan-lathato-sorozat\/","title":{"rendered":"1931-32 Magyarorsz\u00e1g &#8211; konzuli illet\u00e9k b\u00e9lyegek r\u00f6vid sor \u2013 ritk\u00e1n l\u00e1that\u00f3 sorozat"},"content":{"rendered":"","protected":false},"excerpt":{"rendered":"<p>Az 50 \u00e9s 100 aranypeng\u0151 n\u00e9lk\u00fcl, az 1 peng\u0151s\u00f6n horzsol\u00e1snyom.<\/p>\n","protected":false},"featured_media":35117,"template":"","meta":[],"product_brand":[],"product_cat":[1172],"product_tag":[1669,116,282,1006],"class_list":{"0":"post-27441","1":"product","2":"type-product","3":"status-publish","4":"has-post-thumbnail","6":"product_cat-magyarorszag","7":"product_tag-3rd-auction","8":"product_tag-belyeg","9":"product_tag-okmanybelyeg","10":"product_tag-unsold","12":"first","13":"instock","14":"sold-individually","15":"shipping-taxable","16":"purchasable","17":"product-type-simple"},"_links":{"self":[{"href":"https:\/\/stampcurio.com\/hu\/wp-json\/wp\/v2\/product\/27441","targetHints":{"allow":["GET"]}}],"collection":[{"href":"https:\/\/stampcurio.com\/hu\/wp-json\/wp\/v2\/product"}],"about":[{"href":"https:\/\/stampcurio.com\/hu\/wp-json\/wp\/v2\/types\/product"}],"wp:featuredmedia":[{"embeddable":true,"href":"https:\/\/stampcurio.com\/hu\/wp-json\/wp\/v2\/media\/35117"}],"wp:attachment":[{"href":"https:\/\/stampcurio.com\/hu\/wp-json\/wp\/v2\/media?parent=27441"}],"wp:term":[{"taxonomy":"product_brand","embeddable":true,"href":"https:\/\/stampcurio.com\/hu\/wp-json\/wp\/v2\/product_brand?post=27441"},{"taxonomy":"product_cat","embeddable":true,"href":"https:\/\/stampcurio.com\/hu\/wp-json\/wp\/v2\/product_cat?post=27441"},{"taxonomy":"product_tag","embeddable":true,"href":"https:\/\/stampcurio.com\/hu\/wp-json\/wp\/v2\/product_tag?post=27441"}],"curies":[{"name":"wp","href":"https:\/\/api.w.org\/{rel}","templated":true}]}}