{"id":27440,"date":"2025-11-24T16:29:53","date_gmt":"2025-11-24T15:29:53","guid":{"rendered":"https:\/\/stampcurio.com\/product\/1930-magyarorszag-kezelesi-belyegek\/"},"modified":"2025-12-05T04:02:20","modified_gmt":"2025-12-05T03:02:20","slug":"1930-magyarorszag-konzulatusi-belyegek","status":"publish","type":"product","link":"https:\/\/stampcurio.com\/hu\/termek\/1930-magyarorszag-konzulatusi-belyegek\/","title":{"rendered":"1930 Magyarorsz\u00e1g &#8211; Konzul\u00e1tusi b\u00e9lyegek"},"content":{"rendered":"","protected":false},"excerpt":{"rendered":"","protected":false},"featured_media":35113,"template":"","meta":[],"product_brand":[],"product_cat":[1172],"product_tag":[1669,116,282],"class_list":{"0":"post-27440","1":"product","2":"type-product","3":"status-publish","4":"has-post-thumbnail","6":"product_cat-magyarorszag","7":"product_tag-3rd-auction","8":"product_tag-belyeg","9":"product_tag-okmanybelyeg","11":"first","12":"outofstock","13":"sold-individually","14":"shipping-taxable","15":"purchasable","16":"product-type-simple"},"_links":{"self":[{"href":"https:\/\/stampcurio.com\/hu\/wp-json\/wp\/v2\/product\/27440","targetHints":{"allow":["GET"]}}],"collection":[{"href":"https:\/\/stampcurio.com\/hu\/wp-json\/wp\/v2\/product"}],"about":[{"href":"https:\/\/stampcurio.com\/hu\/wp-json\/wp\/v2\/types\/product"}],"wp:featuredmedia":[{"embeddable":true,"href":"https:\/\/stampcurio.com\/hu\/wp-json\/wp\/v2\/media\/35113"}],"wp:attachment":[{"href":"https:\/\/stampcurio.com\/hu\/wp-json\/wp\/v2\/media?parent=27440"}],"wp:term":[{"taxonomy":"product_brand","embeddable":true,"href":"https:\/\/stampcurio.com\/hu\/wp-json\/wp\/v2\/product_brand?post=27440"},{"taxonomy":"product_cat","embeddable":true,"href":"https:\/\/stampcurio.com\/hu\/wp-json\/wp\/v2\/product_cat?post=27440"},{"taxonomy":"product_tag","embeddable":true,"href":"https:\/\/stampcurio.com\/hu\/wp-json\/wp\/v2\/product_tag?post=27440"}],"curies":[{"name":"wp","href":"https:\/\/api.w.org\/{rel}","templated":true}]}}