{"id":27439,"date":"2025-11-24T16:29:52","date_gmt":"2025-11-24T15:29:52","guid":{"rendered":"https:\/\/stampcurio.com\/product\/1871-magyarorszag-5-kr-reznyomat-kivagason-strido-zala-m-belyegzessel\/"},"modified":"2025-12-05T04:02:22","modified_gmt":"2025-12-05T03:02:22","slug":"1871-magyarorszag-5-kr-reznyomat-strido-zala-m-belyegzessel-kivagason-gudlin-a-kiadason-nem-ismeri","status":"publish","type":"product","link":"https:\/\/stampcurio.com\/hu\/termek\/1871-magyarorszag-5-kr-reznyomat-strido-zala-m-belyegzessel-kivagason-gudlin-a-kiadason-nem-ismeri\/","title":{"rendered":"1871 Magyarorsz\u00e1g &#8211; 5 kr r\u00e9znyomat STRID\u00d3 \/ ZALA M. b\u00e9lyegz\u00e9ssel kiv\u00e1g\u00e1son | Gudlin a kiad\u00e1son nem ismeri!"},"content":{"rendered":"","protected":false},"excerpt":{"rendered":"","protected":false},"featured_media":34708,"template":"","meta":[],"product_brand":[],"product_cat":[1172],"product_tag":[1669,116,1041],"class_list":{"0":"post-27439","1":"product","2":"type-product","3":"status-publish","4":"has-post-thumbnail","6":"product_cat-magyarorszag","7":"product_tag-3rd-auction","8":"product_tag-belyeg","9":"product_tag-marcophily-hu","11":"first","12":"outofstock","13":"sold-individually","14":"shipping-taxable","15":"purchasable","16":"product-type-simple"},"_links":{"self":[{"href":"https:\/\/stampcurio.com\/hu\/wp-json\/wp\/v2\/product\/27439","targetHints":{"allow":["GET"]}}],"collection":[{"href":"https:\/\/stampcurio.com\/hu\/wp-json\/wp\/v2\/product"}],"about":[{"href":"https:\/\/stampcurio.com\/hu\/wp-json\/wp\/v2\/types\/product"}],"wp:featuredmedia":[{"embeddable":true,"href":"https:\/\/stampcurio.com\/hu\/wp-json\/wp\/v2\/media\/34708"}],"wp:attachment":[{"href":"https:\/\/stampcurio.com\/hu\/wp-json\/wp\/v2\/media?parent=27439"}],"wp:term":[{"taxonomy":"product_brand","embeddable":true,"href":"https:\/\/stampcurio.com\/hu\/wp-json\/wp\/v2\/product_brand?post=27439"},{"taxonomy":"product_cat","embeddable":true,"href":"https:\/\/stampcurio.com\/hu\/wp-json\/wp\/v2\/product_cat?post=27439"},{"taxonomy":"product_tag","embeddable":true,"href":"https:\/\/stampcurio.com\/hu\/wp-json\/wp\/v2\/product_tag?post=27439"}],"curies":[{"name":"wp","href":"https:\/\/api.w.org\/{rel}","templated":true}]}}