{"id":27438,"date":"2025-11-24T16:29:52","date_gmt":"2025-11-24T15:29:52","guid":{"rendered":"https:\/\/stampcurio.com\/product\/1964-magyarorszag-pecs-szabolcs-fiokposta-szukseg-ajanlasi-ragjegy-belyegivszelbol-keszult-kisegito-gumibelyegzovel-az-allami-fuvarozasi-es-kordelyozesi-vallalat-levelezesen\/"},"modified":"2026-01-05T15:11:48","modified_gmt":"2026-01-05T14:11:48","slug":"1964-magyarorszag-ajanlott-level-pecs-szabolcs-fiokposta-belyegivszelbol-keszult-provizorikus-szukseg-ajanlasi-ragjeggyel-allami-fuvarozasi-es-kordelyozasi-vallalat","status":"publish","type":"product","link":"https:\/\/stampcurio.com\/hu\/termek\/1964-magyarorszag-ajanlott-level-pecs-szabolcs-fiokposta-belyegivszelbol-keszult-provizorikus-szukseg-ajanlasi-ragjeggyel-allami-fuvarozasi-es-kordelyozasi-vallalat\/","title":{"rendered":"1964 Magyarorsz\u00e1g \u2013 aj\u00e1nlott lev\u00e9l P\u00e9cs-Szabolcs fi\u00f3kposta b\u00e9lyeg\u00edvsz\u00e9lb\u0151l k\u00e9sz\u00fclt proviz\u00f3rikus sz\u00fcks\u00e9g aj\u00e1nl\u00e1si ragjeggyel &#8211; \u00c1llami Fuvaroz\u00e1si \u00e9s Kord\u00e9lyoz\u00e1si V\u00e1llalat"},"content":{"rendered":"","protected":false},"excerpt":{"rendered":"","protected":false},"featured_media":28545,"template":"","meta":[],"product_brand":[],"product_cat":[1172],"product_tag":[1669,89,1269,256,405,1006],"class_list":{"0":"post-27438","1":"product","2":"type-product","3":"status-publish","4":"has-post-thumbnail","6":"product_cat-magyarorszag","7":"product_tag-3rd-auction","8":"product_tag-postatortenet","9":"product_tag-postaugynokseg","10":"product_tag-provizorium","11":"product_tag-ragjegy","12":"product_tag-unsold","14":"first","15":"instock","16":"sold-individually","17":"shipping-taxable","18":"purchasable","19":"product-type-simple"},"_links":{"self":[{"href":"https:\/\/stampcurio.com\/hu\/wp-json\/wp\/v2\/product\/27438","targetHints":{"allow":["GET"]}}],"collection":[{"href":"https:\/\/stampcurio.com\/hu\/wp-json\/wp\/v2\/product"}],"about":[{"href":"https:\/\/stampcurio.com\/hu\/wp-json\/wp\/v2\/types\/product"}],"wp:featuredmedia":[{"embeddable":true,"href":"https:\/\/stampcurio.com\/hu\/wp-json\/wp\/v2\/media\/28545"}],"wp:attachment":[{"href":"https:\/\/stampcurio.com\/hu\/wp-json\/wp\/v2\/media?parent=27438"}],"wp:term":[{"taxonomy":"product_brand","embeddable":true,"href":"https:\/\/stampcurio.com\/hu\/wp-json\/wp\/v2\/product_brand?post=27438"},{"taxonomy":"product_cat","embeddable":true,"href":"https:\/\/stampcurio.com\/hu\/wp-json\/wp\/v2\/product_cat?post=27438"},{"taxonomy":"product_tag","embeddable":true,"href":"https:\/\/stampcurio.com\/hu\/wp-json\/wp\/v2\/product_tag?post=27438"}],"curies":[{"name":"wp","href":"https:\/\/api.w.org\/{rel}","templated":true}]}}