{"id":27437,"date":"2025-11-24T16:29:51","date_gmt":"2025-11-24T15:29:51","guid":{"rendered":"https:\/\/stampcurio.com\/product\/1943-magyarorszag-husztsofalva-tokod-magyar-ruten-postaugynokseg-belyegzessel-a-belyegzes-ismeretlen\/"},"modified":"2026-01-05T15:11:49","modified_gmt":"2026-01-05T14:11:49","slug":"1943-magyarorszag-karpatalja-szallitolevel-ritka-husztsofalva-magyar-ruten-postaugynokseg-belyegzessel-a-belyegzes-a-katalogusban-ismeretlen","status":"publish","type":"product","link":"https:\/\/stampcurio.com\/hu\/termek\/1943-magyarorszag-karpatalja-szallitolevel-ritka-husztsofalva-magyar-ruten-postaugynokseg-belyegzessel-a-belyegzes-a-katalogusban-ismeretlen\/","title":{"rendered":"1943 Magyarorsz\u00e1g &#8211; K\u00e1rp\u00e1talja &#8211; sz\u00e1ll\u00edt\u00f3lev\u00e9l ritka Huszts\u00f3falva magyar rut\u00e9n posta\u00fcgyn\u00f6ks\u00e9g b\u00e9lyegz\u00e9ssel \u2013 a b\u00e9lyegz\u00e9s a katal\u00f3gusban ismeretlen (!)"},"content":{"rendered":"","protected":false},"excerpt":{"rendered":"","protected":false},"featured_media":28549,"template":"","meta":[],"product_brand":[],"product_cat":[1172,1226],"product_tag":[1669,1041,89,157,1006],"class_list":{"0":"post-27437","1":"product","2":"type-product","3":"status-publish","4":"has-post-thumbnail","6":"product_cat-magyarorszag","7":"product_cat-ukrajna","8":"product_tag-3rd-auction","9":"product_tag-marcophily-hu","10":"product_tag-postatortenet","11":"product_tag-szallitolevel","12":"product_tag-unsold","14":"first","15":"instock","16":"sold-individually","17":"shipping-taxable","18":"purchasable","19":"product-type-simple"},"_links":{"self":[{"href":"https:\/\/stampcurio.com\/hu\/wp-json\/wp\/v2\/product\/27437","targetHints":{"allow":["GET"]}}],"collection":[{"href":"https:\/\/stampcurio.com\/hu\/wp-json\/wp\/v2\/product"}],"about":[{"href":"https:\/\/stampcurio.com\/hu\/wp-json\/wp\/v2\/types\/product"}],"wp:featuredmedia":[{"embeddable":true,"href":"https:\/\/stampcurio.com\/hu\/wp-json\/wp\/v2\/media\/28549"}],"wp:attachment":[{"href":"https:\/\/stampcurio.com\/hu\/wp-json\/wp\/v2\/media?parent=27437"}],"wp:term":[{"taxonomy":"product_brand","embeddable":true,"href":"https:\/\/stampcurio.com\/hu\/wp-json\/wp\/v2\/product_brand?post=27437"},{"taxonomy":"product_cat","embeddable":true,"href":"https:\/\/stampcurio.com\/hu\/wp-json\/wp\/v2\/product_cat?post=27437"},{"taxonomy":"product_tag","embeddable":true,"href":"https:\/\/stampcurio.com\/hu\/wp-json\/wp\/v2\/product_tag?post=27437"}],"curies":[{"name":"wp","href":"https:\/\/api.w.org\/{rel}","templated":true}]}}