{"id":27436,"date":"2025-11-24T16:29:51","date_gmt":"2025-11-24T15:29:51","guid":{"rendered":"https:\/\/stampcurio.com\/product\/1949-eszak-korea-4th-anniversary-of-koreas-liberation-enyvezes-nelkul-kiadas-szerint\/"},"modified":"2026-01-05T15:11:49","modified_gmt":"2026-01-05T14:11:49","slug":"1949-eszak-korea-4th-anniversary-of-koreas-liberation-postatiszta","status":"publish","type":"product","link":"https:\/\/stampcurio.com\/hu\/termek\/1949-eszak-korea-4th-anniversary-of-koreas-liberation-postatiszta\/","title":{"rendered":"1949 \u00c9szak-Korea &#8211; \u201e4th Anniversary of Korea\u2019s Liberation\u201d postatiszta"},"content":{"rendered":"","protected":false},"excerpt":{"rendered":"<p>Enyvez\u00e9s n\u00e9lk\u00fcl, ahogy kiad\u00e1sra ker\u00fclt. Nem \u00fajnyomat.<\/p>\n<p>A korai \u00e9szak-koreai b\u00e9lyegek enyvez\u00e9s n\u00e9lk\u00fcl k\u00e9sz\u00fcltek.<\/p>\n","protected":false},"featured_media":32961,"template":"","meta":[],"product_brand":[],"product_cat":[1225],"product_tag":[1669,116,1006],"class_list":{"0":"post-27436","1":"product","2":"type-product","3":"status-publish","4":"has-post-thumbnail","6":"product_cat-eszak-korea","7":"product_tag-3rd-auction","8":"product_tag-belyeg","9":"product_tag-unsold","11":"first","12":"instock","13":"sold-individually","14":"shipping-taxable","15":"purchasable","16":"product-type-simple"},"_links":{"self":[{"href":"https:\/\/stampcurio.com\/hu\/wp-json\/wp\/v2\/product\/27436","targetHints":{"allow":["GET"]}}],"collection":[{"href":"https:\/\/stampcurio.com\/hu\/wp-json\/wp\/v2\/product"}],"about":[{"href":"https:\/\/stampcurio.com\/hu\/wp-json\/wp\/v2\/types\/product"}],"wp:featuredmedia":[{"embeddable":true,"href":"https:\/\/stampcurio.com\/hu\/wp-json\/wp\/v2\/media\/32961"}],"wp:attachment":[{"href":"https:\/\/stampcurio.com\/hu\/wp-json\/wp\/v2\/media?parent=27436"}],"wp:term":[{"taxonomy":"product_brand","embeddable":true,"href":"https:\/\/stampcurio.com\/hu\/wp-json\/wp\/v2\/product_brand?post=27436"},{"taxonomy":"product_cat","embeddable":true,"href":"https:\/\/stampcurio.com\/hu\/wp-json\/wp\/v2\/product_cat?post=27436"},{"taxonomy":"product_tag","embeddable":true,"href":"https:\/\/stampcurio.com\/hu\/wp-json\/wp\/v2\/product_tag?post=27436"}],"curies":[{"name":"wp","href":"https:\/\/api.w.org\/{rel}","templated":true}]}}