{"id":27435,"date":"2025-11-24T16:29:50","date_gmt":"2025-11-24T15:29:50","guid":{"rendered":"https:\/\/stampcurio.com\/product\/1858-svedorszag-tevnyomat-feher-folt-a-szoveg-elott-14x135-fogazat-stampworld-200-usd\/"},"modified":"2025-12-05T04:02:23","modified_gmt":"2025-12-05T03:02:23","slug":"1858-svedorszag-hasznalt-9-ore-14x135-fogazattal-tevnyomat-feher-folt-a-szoveg-elott-sw-200-eur-az-alapbelyeg","status":"publish","type":"product","link":"https:\/\/stampcurio.com\/hu\/termek\/1858-svedorszag-hasznalt-9-ore-14x135-fogazattal-tevnyomat-feher-folt-a-szoveg-elott-sw-200-eur-az-alapbelyeg\/","title":{"rendered":"1858 Sv\u00e9dorsz\u00e1g &#8211; haszn\u00e1lt 9 \u00f6re 14&#215;13,5 fogazattal &#8211; t\u00e9vnyomat: feh\u00e9r folt a sz\u00f6veg el\u0151tt | Sw: 200 EUR (az alapb\u00e9lyeg)"},"content":{"rendered":"","protected":false},"excerpt":{"rendered":"","protected":false},"featured_media":32017,"template":"","meta":[],"product_brand":[],"product_cat":[1237],"product_tag":[1669,116,217],"class_list":{"0":"post-27435","1":"product","2":"type-product","3":"status-publish","4":"has-post-thumbnail","6":"product_cat-svedorszag","7":"product_tag-3rd-auction","8":"product_tag-belyeg","9":"product_tag-tevnyomat","11":"first","12":"outofstock","13":"sold-individually","14":"shipping-taxable","15":"purchasable","16":"product-type-simple"},"_links":{"self":[{"href":"https:\/\/stampcurio.com\/hu\/wp-json\/wp\/v2\/product\/27435","targetHints":{"allow":["GET"]}}],"collection":[{"href":"https:\/\/stampcurio.com\/hu\/wp-json\/wp\/v2\/product"}],"about":[{"href":"https:\/\/stampcurio.com\/hu\/wp-json\/wp\/v2\/types\/product"}],"wp:featuredmedia":[{"embeddable":true,"href":"https:\/\/stampcurio.com\/hu\/wp-json\/wp\/v2\/media\/32017"}],"wp:attachment":[{"href":"https:\/\/stampcurio.com\/hu\/wp-json\/wp\/v2\/media?parent=27435"}],"wp:term":[{"taxonomy":"product_brand","embeddable":true,"href":"https:\/\/stampcurio.com\/hu\/wp-json\/wp\/v2\/product_brand?post=27435"},{"taxonomy":"product_cat","embeddable":true,"href":"https:\/\/stampcurio.com\/hu\/wp-json\/wp\/v2\/product_cat?post=27435"},{"taxonomy":"product_tag","embeddable":true,"href":"https:\/\/stampcurio.com\/hu\/wp-json\/wp\/v2\/product_tag?post=27435"}],"curies":[{"name":"wp","href":"https:\/\/api.w.org\/{rel}","templated":true}]}}