{"id":27434,"date":"2025-11-24T16:29:50","date_gmt":"2025-11-24T15:29:50","guid":{"rendered":"https:\/\/stampcurio.com\/product\/1913-magyarorszag-hirlapbelyeg-postatiszta-mng-latvanyos-papirranccal\/"},"modified":"2025-12-05T04:02:23","modified_gmt":"2025-12-05T03:02:23","slug":"1913-magyarorszag-hirlapbelyeg-postatiszta-latvanyos-papirranccal","status":"publish","type":"product","link":"https:\/\/stampcurio.com\/hu\/termek\/1913-magyarorszag-hirlapbelyeg-postatiszta-latvanyos-papirranccal\/","title":{"rendered":"1913 Magyarorsz\u00e1g &#8211; H\u00edrlapb\u00e9lyeg postatiszta (*) l\u00e1tv\u00e1nyos pap\u00edrr\u00e1nccal"},"content":{"rendered":"","protected":false},"excerpt":{"rendered":"","protected":false},"featured_media":32195,"template":"","meta":[],"product_brand":[],"product_cat":[1172],"product_tag":[1669,116,217],"class_list":{"0":"post-27434","1":"product","2":"type-product","3":"status-publish","4":"has-post-thumbnail","6":"product_cat-magyarorszag","7":"product_tag-3rd-auction","8":"product_tag-belyeg","9":"product_tag-tevnyomat","11":"first","12":"outofstock","13":"sold-individually","14":"shipping-taxable","15":"purchasable","16":"product-type-simple"},"_links":{"self":[{"href":"https:\/\/stampcurio.com\/hu\/wp-json\/wp\/v2\/product\/27434","targetHints":{"allow":["GET"]}}],"collection":[{"href":"https:\/\/stampcurio.com\/hu\/wp-json\/wp\/v2\/product"}],"about":[{"href":"https:\/\/stampcurio.com\/hu\/wp-json\/wp\/v2\/types\/product"}],"wp:featuredmedia":[{"embeddable":true,"href":"https:\/\/stampcurio.com\/hu\/wp-json\/wp\/v2\/media\/32195"}],"wp:attachment":[{"href":"https:\/\/stampcurio.com\/hu\/wp-json\/wp\/v2\/media?parent=27434"}],"wp:term":[{"taxonomy":"product_brand","embeddable":true,"href":"https:\/\/stampcurio.com\/hu\/wp-json\/wp\/v2\/product_brand?post=27434"},{"taxonomy":"product_cat","embeddable":true,"href":"https:\/\/stampcurio.com\/hu\/wp-json\/wp\/v2\/product_cat?post=27434"},{"taxonomy":"product_tag","embeddable":true,"href":"https:\/\/stampcurio.com\/hu\/wp-json\/wp\/v2\/product_tag?post=27434"}],"curies":[{"name":"wp","href":"https:\/\/api.w.org\/{rel}","templated":true}]}}