{"id":27432,"date":"2025-11-24T16:29:49","date_gmt":"2025-11-24T15:29:49","guid":{"rendered":"https:\/\/stampcurio.com\/product\/1920-magyarorszag-hadifogoly-probanyomat-teljes-sor-cigaretta-papiron-postatiszta-parokban\/"},"modified":"2025-12-05T04:02:24","modified_gmt":"2025-12-05T03:02:24","slug":"1920-magyarorszag-hadifogoly-probanyomat-teljes-sor-cigaretta-papiron-parokban","status":"publish","type":"product","link":"https:\/\/stampcurio.com\/hu\/termek\/1920-magyarorszag-hadifogoly-probanyomat-teljes-sor-cigaretta-papiron-parokban\/","title":{"rendered":"1920 Magyarorsz\u00e1g &#8211; Hadifogoly pr\u00f3banyomat teljes sor cigaretta pap\u00edron p\u00e1rokban"},"content":{"rendered":"","protected":false},"excerpt":{"rendered":"","protected":false},"featured_media":32951,"template":"","meta":[],"product_brand":[],"product_cat":[1172],"product_tag":[1669,116,390],"class_list":{"0":"post-27432","1":"product","2":"type-product","3":"status-publish","4":"has-post-thumbnail","6":"product_cat-magyarorszag","7":"product_tag-3rd-auction","8":"product_tag-belyeg","9":"product_tag-probanyomat","11":"first","12":"outofstock","13":"sold-individually","14":"shipping-taxable","15":"purchasable","16":"product-type-simple"},"_links":{"self":[{"href":"https:\/\/stampcurio.com\/hu\/wp-json\/wp\/v2\/product\/27432","targetHints":{"allow":["GET"]}}],"collection":[{"href":"https:\/\/stampcurio.com\/hu\/wp-json\/wp\/v2\/product"}],"about":[{"href":"https:\/\/stampcurio.com\/hu\/wp-json\/wp\/v2\/types\/product"}],"wp:featuredmedia":[{"embeddable":true,"href":"https:\/\/stampcurio.com\/hu\/wp-json\/wp\/v2\/media\/32951"}],"wp:attachment":[{"href":"https:\/\/stampcurio.com\/hu\/wp-json\/wp\/v2\/media?parent=27432"}],"wp:term":[{"taxonomy":"product_brand","embeddable":true,"href":"https:\/\/stampcurio.com\/hu\/wp-json\/wp\/v2\/product_brand?post=27432"},{"taxonomy":"product_cat","embeddable":true,"href":"https:\/\/stampcurio.com\/hu\/wp-json\/wp\/v2\/product_cat?post=27432"},{"taxonomy":"product_tag","embeddable":true,"href":"https:\/\/stampcurio.com\/hu\/wp-json\/wp\/v2\/product_tag?post=27432"}],"curies":[{"name":"wp","href":"https:\/\/api.w.org\/{rel}","templated":true}]}}