{"id":27431,"date":"2025-11-24T16:29:49","date_gmt":"2025-11-24T15:29:49","guid":{"rendered":"https:\/\/stampcurio.com\/product\/1920-magyarorszag-hadifogoly-1-korona-probanyomat-kettosnyomata-sarga-papiron\/"},"modified":"2026-01-05T15:11:50","modified_gmt":"2026-01-05T14:11:50","slug":"1920-magyarorszag-hadifogoly-1-korona-probanyomat-kettosnyomat-sarga-papiron","status":"publish","type":"product","link":"https:\/\/stampcurio.com\/hu\/termek\/1920-magyarorszag-hadifogoly-1-korona-probanyomat-kettosnyomat-sarga-papiron\/","title":{"rendered":"1920 Magyarorsz\u00e1g &#8211; Hadifogoly 1 korona pr\u00f3banyomat &#8211; kett\u0151snyomat s\u00e1rga pap\u00edron"},"content":{"rendered":"","protected":false},"excerpt":{"rendered":"<p>V\u00edzszintes hajt\u00e1snyom.<\/p>\n","protected":false},"featured_media":32947,"template":"","meta":[],"product_brand":[],"product_cat":[1172],"product_tag":[1669,116,390,217,1006],"class_list":{"0":"post-27431","1":"product","2":"type-product","3":"status-publish","4":"has-post-thumbnail","6":"product_cat-magyarorszag","7":"product_tag-3rd-auction","8":"product_tag-belyeg","9":"product_tag-probanyomat","10":"product_tag-tevnyomat","11":"product_tag-unsold","13":"first","14":"instock","15":"sold-individually","16":"shipping-taxable","17":"purchasable","18":"product-type-simple"},"_links":{"self":[{"href":"https:\/\/stampcurio.com\/hu\/wp-json\/wp\/v2\/product\/27431","targetHints":{"allow":["GET"]}}],"collection":[{"href":"https:\/\/stampcurio.com\/hu\/wp-json\/wp\/v2\/product"}],"about":[{"href":"https:\/\/stampcurio.com\/hu\/wp-json\/wp\/v2\/types\/product"}],"wp:featuredmedia":[{"embeddable":true,"href":"https:\/\/stampcurio.com\/hu\/wp-json\/wp\/v2\/media\/32947"}],"wp:attachment":[{"href":"https:\/\/stampcurio.com\/hu\/wp-json\/wp\/v2\/media?parent=27431"}],"wp:term":[{"taxonomy":"product_brand","embeddable":true,"href":"https:\/\/stampcurio.com\/hu\/wp-json\/wp\/v2\/product_brand?post=27431"},{"taxonomy":"product_cat","embeddable":true,"href":"https:\/\/stampcurio.com\/hu\/wp-json\/wp\/v2\/product_cat?post=27431"},{"taxonomy":"product_tag","embeddable":true,"href":"https:\/\/stampcurio.com\/hu\/wp-json\/wp\/v2\/product_tag?post=27431"}],"curies":[{"name":"wp","href":"https:\/\/api.w.org\/{rel}","templated":true}]}}