{"id":27430,"date":"2025-11-24T16:29:49","date_gmt":"2025-11-24T15:29:49","guid":{"rendered":"https:\/\/stampcurio.com\/product\/1948-magyarorszag-postatiszta-harmascsik\/"},"modified":"2026-01-05T15:11:50","modified_gmt":"2026-01-05T14:11:50","slug":"1948-magyarorszag-postatiszta-harmascsik","status":"publish","type":"product","link":"https:\/\/stampcurio.com\/hu\/termek\/1948-magyarorszag-postatiszta-harmascsik\/","title":{"rendered":"1948 Magyarorsz\u00e1g &#8211; Postatiszta ** h\u00e1rmascs\u00edk (!)"},"content":{"rendered":"","protected":false},"excerpt":{"rendered":"","protected":false},"featured_media":32943,"template":"","meta":[],"product_brand":[],"product_cat":[1172],"product_tag":[1669,116,1006],"class_list":{"0":"post-27430","1":"product","2":"type-product","3":"status-publish","4":"has-post-thumbnail","6":"product_cat-magyarorszag","7":"product_tag-3rd-auction","8":"product_tag-belyeg","9":"product_tag-unsold","11":"first","12":"instock","13":"sold-individually","14":"shipping-taxable","15":"purchasable","16":"product-type-simple"},"_links":{"self":[{"href":"https:\/\/stampcurio.com\/hu\/wp-json\/wp\/v2\/product\/27430","targetHints":{"allow":["GET"]}}],"collection":[{"href":"https:\/\/stampcurio.com\/hu\/wp-json\/wp\/v2\/product"}],"about":[{"href":"https:\/\/stampcurio.com\/hu\/wp-json\/wp\/v2\/types\/product"}],"wp:featuredmedia":[{"embeddable":true,"href":"https:\/\/stampcurio.com\/hu\/wp-json\/wp\/v2\/media\/32943"}],"wp:attachment":[{"href":"https:\/\/stampcurio.com\/hu\/wp-json\/wp\/v2\/media?parent=27430"}],"wp:term":[{"taxonomy":"product_brand","embeddable":true,"href":"https:\/\/stampcurio.com\/hu\/wp-json\/wp\/v2\/product_brand?post=27430"},{"taxonomy":"product_cat","embeddable":true,"href":"https:\/\/stampcurio.com\/hu\/wp-json\/wp\/v2\/product_cat?post=27430"},{"taxonomy":"product_tag","embeddable":true,"href":"https:\/\/stampcurio.com\/hu\/wp-json\/wp\/v2\/product_tag?post=27430"}],"curies":[{"name":"wp","href":"https:\/\/api.w.org\/{rel}","templated":true}]}}