{"id":27429,"date":"2025-11-24T16:29:48","date_gmt":"2025-11-24T15:29:48","guid":{"rendered":"https:\/\/stampcurio.com\/product\/1968-szlovakia-kassarol-teheranba-kuldott-boritek-frankfurtba-tovabbkuldve-ritka-postai-utvonal-lila-ohne-wertzeichen-beim-postamt-eingegangen-ffm-70-belyegzessel\/"},"modified":"2026-01-05T15:11:50","modified_gmt":"2026-01-05T14:11:50","slug":"1968-szlovakia-kassarol-teheranba-kuldott-boritek-frankfurtba-tovabbkuldve-az-ut-soran-a-belyegek-elvesztek-ezt-jelzi-a-lila-ohne-wertzeichen-beim-postamt-eingegangen-ffm-70-belye","status":"publish","type":"product","link":"https:\/\/stampcurio.com\/hu\/termek\/1968-szlovakia-kassarol-teheranba-kuldott-boritek-frankfurtba-tovabbkuldve-az-ut-soran-a-belyegek-elvesztek-ezt-jelzi-a-lila-ohne-wertzeichen-beim-postamt-eingegangen-ffm-70-belye\/","title":{"rendered":"1968 Szlov\u00e1kia &#8211; Kass\u00e1r\u00f3l Teher\u00e1nba k\u00fcld\u00f6tt bor\u00edt\u00e9k Frankfurtba tov\u00e1bbk\u00fcldve, az \u00fat sor\u00e1n a b\u00e9lyegek elvesztek ezt jelzi a lila \u201eOhne Wertzeichen beim Postamt eingegangen Ffm 70\u201d b\u00e9lyegz\u00e9s"},"content":{"rendered":"","protected":false},"excerpt":{"rendered":"<p>\u00c9rdekes postat\u00f6rt\u00e9neti objektum.<\/p>\n","protected":false},"featured_media":28537,"template":"","meta":[],"product_brand":[],"product_cat":[1193,1175,1189],"product_tag":[1669,89,1006],"class_list":{"0":"post-27429","1":"product","2":"type-product","3":"status-publish","4":"has-post-thumbnail","6":"product_cat-iran","7":"product_cat-nemetorszag","8":"product_cat-szlovakia","9":"product_tag-3rd-auction","10":"product_tag-postatortenet","11":"product_tag-unsold","13":"first","14":"instock","15":"sold-individually","16":"shipping-taxable","17":"purchasable","18":"product-type-simple"},"_links":{"self":[{"href":"https:\/\/stampcurio.com\/hu\/wp-json\/wp\/v2\/product\/27429","targetHints":{"allow":["GET"]}}],"collection":[{"href":"https:\/\/stampcurio.com\/hu\/wp-json\/wp\/v2\/product"}],"about":[{"href":"https:\/\/stampcurio.com\/hu\/wp-json\/wp\/v2\/types\/product"}],"wp:featuredmedia":[{"embeddable":true,"href":"https:\/\/stampcurio.com\/hu\/wp-json\/wp\/v2\/media\/28537"}],"wp:attachment":[{"href":"https:\/\/stampcurio.com\/hu\/wp-json\/wp\/v2\/media?parent=27429"}],"wp:term":[{"taxonomy":"product_brand","embeddable":true,"href":"https:\/\/stampcurio.com\/hu\/wp-json\/wp\/v2\/product_brand?post=27429"},{"taxonomy":"product_cat","embeddable":true,"href":"https:\/\/stampcurio.com\/hu\/wp-json\/wp\/v2\/product_cat?post=27429"},{"taxonomy":"product_tag","embeddable":true,"href":"https:\/\/stampcurio.com\/hu\/wp-json\/wp\/v2\/product_tag?post=27429"}],"curies":[{"name":"wp","href":"https:\/\/api.w.org\/{rel}","templated":true}]}}