{"id":27428,"date":"2025-11-24T16:29:45","date_gmt":"2025-11-24T15:29:45","guid":{"rendered":"https:\/\/stampcurio.com\/product\/1929-spanyolorszag-spanyolorszagbol-nemetorszagba-kuldott-ket-db-matel-boritek-ketfele-bermentesitessel\/"},"modified":"2025-12-05T04:02:25","modified_gmt":"2025-12-05T03:02:25","slug":"1929-spanyolorszag-spanyolorszagbol-nemetorszagba-kuldott-ket-dekorativ-natel-boritek-ketfele-bermentesitessel","status":"publish","type":"product","link":"https:\/\/stampcurio.com\/hu\/termek\/1929-spanyolorszag-spanyolorszagbol-nemetorszagba-kuldott-ket-dekorativ-natel-boritek-ketfele-bermentesitessel\/","title":{"rendered":"1929 Spanyolorsz\u00e1g &#8211; Spanyolorsz\u00e1gb\u00f3l N\u00e9metorsz\u00e1gba k\u00fcld\u00f6tt k\u00e9t dekorat\u00edv NATEL bor\u00edt\u00e9k k\u00e9tf\u00e9le b\u00e9rmentes\u00edt\u00e9ssel"},"content":{"rendered":"","protected":false},"excerpt":{"rendered":"","protected":false},"featured_media":28527,"template":"","meta":[],"product_brand":[],"product_cat":[1196],"product_tag":[1669,89,75],"class_list":{"0":"post-27428","1":"product","2":"type-product","3":"status-publish","4":"has-post-thumbnail","6":"product_cat-spanyolorszag","7":"product_tag-3rd-auction","8":"product_tag-postatortenet","9":"product_tag-reklam","11":"first","12":"outofstock","13":"sold-individually","14":"shipping-taxable","15":"purchasable","16":"product-type-simple"},"_links":{"self":[{"href":"https:\/\/stampcurio.com\/hu\/wp-json\/wp\/v2\/product\/27428","targetHints":{"allow":["GET"]}}],"collection":[{"href":"https:\/\/stampcurio.com\/hu\/wp-json\/wp\/v2\/product"}],"about":[{"href":"https:\/\/stampcurio.com\/hu\/wp-json\/wp\/v2\/types\/product"}],"wp:featuredmedia":[{"embeddable":true,"href":"https:\/\/stampcurio.com\/hu\/wp-json\/wp\/v2\/media\/28527"}],"wp:attachment":[{"href":"https:\/\/stampcurio.com\/hu\/wp-json\/wp\/v2\/media?parent=27428"}],"wp:term":[{"taxonomy":"product_brand","embeddable":true,"href":"https:\/\/stampcurio.com\/hu\/wp-json\/wp\/v2\/product_brand?post=27428"},{"taxonomy":"product_cat","embeddable":true,"href":"https:\/\/stampcurio.com\/hu\/wp-json\/wp\/v2\/product_cat?post=27428"},{"taxonomy":"product_tag","embeddable":true,"href":"https:\/\/stampcurio.com\/hu\/wp-json\/wp\/v2\/product_tag?post=27428"}],"curies":[{"name":"wp","href":"https:\/\/api.w.org\/{rel}","templated":true}]}}