{"id":27427,"date":"2025-11-24T16:29:45","date_gmt":"2025-11-24T15:29:45","guid":{"rendered":"https:\/\/stampcurio.com\/product\/1956-ausztria-ungarnhilfe-boritek\/"},"modified":"2025-12-05T04:02:25","modified_gmt":"2025-12-05T03:02:25","slug":"1956-magyarorszag-ausztria-ungarnhilfe-alkalmi-boritek-az-alkalmi-belyegekkel","status":"publish","type":"product","link":"https:\/\/stampcurio.com\/hu\/termek\/1956-magyarorszag-ausztria-ungarnhilfe-alkalmi-boritek-az-alkalmi-belyegekkel\/","title":{"rendered":"1956 Magyarorsz\u00e1g &#8211; Ausztria &#8211; Ungarnhilfe alkalmi bor\u00edt\u00e9k az alkalmi b\u00e9lyegekkel"},"content":{"rendered":"","protected":false},"excerpt":{"rendered":"","protected":false},"featured_media":28541,"template":"","meta":[],"product_brand":[],"product_cat":[1178,1172],"product_tag":[1743,1669,89],"class_list":{"0":"post-27427","1":"product","2":"type-product","3":"status-publish","4":"has-post-thumbnail","6":"product_cat-ausztria","7":"product_cat-magyarorszag","8":"product_tag-1743","9":"product_tag-3rd-auction","10":"product_tag-postatortenet","12":"first","13":"outofstock","14":"sold-individually","15":"shipping-taxable","16":"purchasable","17":"product-type-simple"},"_links":{"self":[{"href":"https:\/\/stampcurio.com\/hu\/wp-json\/wp\/v2\/product\/27427","targetHints":{"allow":["GET"]}}],"collection":[{"href":"https:\/\/stampcurio.com\/hu\/wp-json\/wp\/v2\/product"}],"about":[{"href":"https:\/\/stampcurio.com\/hu\/wp-json\/wp\/v2\/types\/product"}],"wp:featuredmedia":[{"embeddable":true,"href":"https:\/\/stampcurio.com\/hu\/wp-json\/wp\/v2\/media\/28541"}],"wp:attachment":[{"href":"https:\/\/stampcurio.com\/hu\/wp-json\/wp\/v2\/media?parent=27427"}],"wp:term":[{"taxonomy":"product_brand","embeddable":true,"href":"https:\/\/stampcurio.com\/hu\/wp-json\/wp\/v2\/product_brand?post=27427"},{"taxonomy":"product_cat","embeddable":true,"href":"https:\/\/stampcurio.com\/hu\/wp-json\/wp\/v2\/product_cat?post=27427"},{"taxonomy":"product_tag","embeddable":true,"href":"https:\/\/stampcurio.com\/hu\/wp-json\/wp\/v2\/product_tag?post=27427"}],"curies":[{"name":"wp","href":"https:\/\/api.w.org\/{rel}","templated":true}]}}