{"id":27426,"date":"2025-11-24T16:29:44","date_gmt":"2025-11-24T15:29:44","guid":{"rendered":"https:\/\/stampcurio.com\/product\/1943-magyarorszag-hungaria-belyeggyujto-kor-kozgyulesi-szavazolapja-ban-willy-nevevel\/"},"modified":"2026-01-05T15:11:51","modified_gmt":"2026-01-05T14:11:51","slug":"1943-magyarorszag-hungaria-belyeggyujto-kor-kozgyulesi-szavazolapja","status":"publish","type":"product","link":"https:\/\/stampcurio.com\/hu\/termek\/1943-magyarorszag-hungaria-belyeggyujto-kor-kozgyulesi-szavazolapja\/","title":{"rendered":"1943 Magyarorsz\u00e1g &#8211; Hung\u00e1ria B\u00e9lyeggy\u0171jt\u0151 K\u00f6r k\u00f6zgy\u0171l\u00e9si szavaz\u00f3lapja"},"content":{"rendered":"","protected":false},"excerpt":{"rendered":"","protected":false},"featured_media":28525,"template":"","meta":[],"product_brand":[],"product_cat":[1172],"product_tag":[1669,89,1006],"class_list":{"0":"post-27426","1":"product","2":"type-product","3":"status-publish","4":"has-post-thumbnail","6":"product_cat-magyarorszag","7":"product_tag-3rd-auction","8":"product_tag-postatortenet","9":"product_tag-unsold","11":"first","12":"instock","13":"sold-individually","14":"shipping-taxable","15":"purchasable","16":"product-type-simple"},"_links":{"self":[{"href":"https:\/\/stampcurio.com\/hu\/wp-json\/wp\/v2\/product\/27426","targetHints":{"allow":["GET"]}}],"collection":[{"href":"https:\/\/stampcurio.com\/hu\/wp-json\/wp\/v2\/product"}],"about":[{"href":"https:\/\/stampcurio.com\/hu\/wp-json\/wp\/v2\/types\/product"}],"wp:featuredmedia":[{"embeddable":true,"href":"https:\/\/stampcurio.com\/hu\/wp-json\/wp\/v2\/media\/28525"}],"wp:attachment":[{"href":"https:\/\/stampcurio.com\/hu\/wp-json\/wp\/v2\/media?parent=27426"}],"wp:term":[{"taxonomy":"product_brand","embeddable":true,"href":"https:\/\/stampcurio.com\/hu\/wp-json\/wp\/v2\/product_brand?post=27426"},{"taxonomy":"product_cat","embeddable":true,"href":"https:\/\/stampcurio.com\/hu\/wp-json\/wp\/v2\/product_cat?post=27426"},{"taxonomy":"product_tag","embeddable":true,"href":"https:\/\/stampcurio.com\/hu\/wp-json\/wp\/v2\/product_tag?post=27426"}],"curies":[{"name":"wp","href":"https:\/\/api.w.org\/{rel}","templated":true}]}}