{"id":27425,"date":"2025-11-24T16:29:44","date_gmt":"2025-11-24T15:29:44","guid":{"rendered":"https:\/\/stampcurio.com\/product\/1903-magyarorszag-nagycigandrol-martinique-ra-kuldott-divald-kepeslap\/"},"modified":"2026-01-05T15:11:51","modified_gmt":"2026-01-05T14:11:51","slug":"1903-magyarorszag-nagycigandrol-martinique-ra-kuldott-szadeloi-volgyet-abrazolo-divald-kepeslap-ritka-destinacio","status":"publish","type":"product","link":"https:\/\/stampcurio.com\/hu\/termek\/1903-magyarorszag-nagycigandrol-martinique-ra-kuldott-szadeloi-volgyet-abrazolo-divald-kepeslap-ritka-destinacio\/","title":{"rendered":"1903 Magyarorsz\u00e1g &#8211; Nagycig\u00e1ndr\u00f3l Martinique-ra k\u00fcld\u00f6tt Sz\u00e1del\u0151i-v\u00f6lgyet \u00e1br\u00e1zol\u00f3 Divald k\u00e9peslap &#8211; ritka destin\u00e1ci\u00f3"},"content":{"rendered":"","protected":false},"excerpt":{"rendered":"","protected":false},"featured_media":28553,"template":"","meta":[],"product_brand":[],"product_cat":[1181,1172,1719,1189],"product_tag":[1669,97,89,1299,1006],"class_list":{"0":"post-27425","1":"product","2":"type-product","3":"status-publish","4":"has-post-thumbnail","6":"product_cat-franciaorszag","7":"product_cat-magyarorszag","8":"product_cat-martinique","9":"product_cat-szlovakia","10":"product_tag-3rd-auction","11":"product_tag-kepeslap","12":"product_tag-postatortenet","13":"product_tag-tcv","14":"product_tag-unsold","16":"first","17":"instock","18":"sold-individually","19":"shipping-taxable","20":"purchasable","21":"product-type-simple"},"_links":{"self":[{"href":"https:\/\/stampcurio.com\/hu\/wp-json\/wp\/v2\/product\/27425","targetHints":{"allow":["GET"]}}],"collection":[{"href":"https:\/\/stampcurio.com\/hu\/wp-json\/wp\/v2\/product"}],"about":[{"href":"https:\/\/stampcurio.com\/hu\/wp-json\/wp\/v2\/types\/product"}],"wp:featuredmedia":[{"embeddable":true,"href":"https:\/\/stampcurio.com\/hu\/wp-json\/wp\/v2\/media\/28553"}],"wp:attachment":[{"href":"https:\/\/stampcurio.com\/hu\/wp-json\/wp\/v2\/media?parent=27425"}],"wp:term":[{"taxonomy":"product_brand","embeddable":true,"href":"https:\/\/stampcurio.com\/hu\/wp-json\/wp\/v2\/product_brand?post=27425"},{"taxonomy":"product_cat","embeddable":true,"href":"https:\/\/stampcurio.com\/hu\/wp-json\/wp\/v2\/product_cat?post=27425"},{"taxonomy":"product_tag","embeddable":true,"href":"https:\/\/stampcurio.com\/hu\/wp-json\/wp\/v2\/product_tag?post=27425"}],"curies":[{"name":"wp","href":"https:\/\/api.w.org\/{rel}","templated":true}]}}