{"id":27424,"date":"2025-11-24T16:29:44","date_gmt":"2025-11-24T15:29:44","guid":{"rendered":"https:\/\/stampcurio.com\/product\/1941-szomalia-kiadatlan-british-occupation-postage-felulnyomat-az-italian-colonies-in-africa-5-liras-erteken\/"},"modified":"2025-12-05T04:02:25","modified_gmt":"2025-12-05T03:02:25","slug":"1941-szomalia-kiadatlan-british-occupation-postage-felulnyomat-az-italian-colonies-in-africa-5-liras-postatiszta-erteken","status":"publish","type":"product","link":"https:\/\/stampcurio.com\/hu\/termek\/1941-szomalia-kiadatlan-british-occupation-postage-felulnyomat-az-italian-colonies-in-africa-5-liras-postatiszta-erteken\/","title":{"rendered":"1941 Szom\u00e1lia &#8211; Kiadatlan &#8220;BRITISH OCCUPATION POSTAGE&#8221; fel\u00fclnyomat az \u201eItalian Colonies in Africa\u201d 5 l\u00edr\u00e1s postatiszta ** \u00e9rt\u00e9k\u00e9n"},"content":{"rendered":"","protected":false},"excerpt":{"rendered":"","protected":false},"featured_media":32983,"template":"","meta":[],"product_brand":[],"product_cat":[1186,1183,1690],"product_tag":[1669,116,390],"class_list":{"0":"post-27424","1":"product","2":"type-product","3":"status-publish","4":"has-post-thumbnail","6":"product_cat-brit-birodalom","7":"product_cat-olaszorszag","8":"product_cat-szomalia","9":"product_tag-3rd-auction","10":"product_tag-belyeg","11":"product_tag-probanyomat","13":"first","14":"outofstock","15":"sold-individually","16":"shipping-taxable","17":"purchasable","18":"product-type-simple"},"_links":{"self":[{"href":"https:\/\/stampcurio.com\/hu\/wp-json\/wp\/v2\/product\/27424","targetHints":{"allow":["GET"]}}],"collection":[{"href":"https:\/\/stampcurio.com\/hu\/wp-json\/wp\/v2\/product"}],"about":[{"href":"https:\/\/stampcurio.com\/hu\/wp-json\/wp\/v2\/types\/product"}],"wp:featuredmedia":[{"embeddable":true,"href":"https:\/\/stampcurio.com\/hu\/wp-json\/wp\/v2\/media\/32983"}],"wp:attachment":[{"href":"https:\/\/stampcurio.com\/hu\/wp-json\/wp\/v2\/media?parent=27424"}],"wp:term":[{"taxonomy":"product_brand","embeddable":true,"href":"https:\/\/stampcurio.com\/hu\/wp-json\/wp\/v2\/product_brand?post=27424"},{"taxonomy":"product_cat","embeddable":true,"href":"https:\/\/stampcurio.com\/hu\/wp-json\/wp\/v2\/product_cat?post=27424"},{"taxonomy":"product_tag","embeddable":true,"href":"https:\/\/stampcurio.com\/hu\/wp-json\/wp\/v2\/product_tag?post=27424"}],"curies":[{"name":"wp","href":"https:\/\/api.w.org\/{rel}","templated":true}]}}