{"id":27423,"date":"2025-11-24T16:29:43","date_gmt":"2025-11-24T15:29:43","guid":{"rendered":"https:\/\/stampcurio.com\/product\/1896-97-amerikai-egyesult-allamok-piros-50-es-100-usd-ujsagbelyegek\/"},"modified":"2025-12-05T04:02:26","modified_gmt":"2025-12-05T03:02:26","slug":"1896-97-amerikai-egyesult-allamok-piros-50-es-100-usd-ujsagbelyegek","status":"publish","type":"product","link":"https:\/\/stampcurio.com\/hu\/termek\/1896-97-amerikai-egyesult-allamok-piros-50-es-100-usd-ujsagbelyegek\/","title":{"rendered":"1896-97 Amerikai Egyes\u00fclt \u00c1llamok &#8211; Piros 50 \u00e9s 100 USD \u00fajs\u00e1gb\u00e9lyegek"},"content":{"rendered":"","protected":false},"excerpt":{"rendered":"<p>Az 50 USD el\u0151oldal\u00e1n horzsol\u00e1s, h\u00e1ta foltos, a 100 USD feltehet\u0151leg \u00fajragumizott. Ritkas\u00e1gok, de az \u00e1llapotuk nem remek, indul\u00f3\u00e1ruk ez\u00e9rt csek\u00e9ly.<\/p>\n","protected":false},"featured_media":32965,"template":"","meta":[],"product_brand":[],"product_cat":[1204],"product_tag":[1669,116],"class_list":{"0":"post-27423","1":"product","2":"type-product","3":"status-publish","4":"has-post-thumbnail","6":"product_cat-amerikai-egyesult-allamok","7":"product_tag-3rd-auction","8":"product_tag-belyeg","10":"first","11":"outofstock","12":"sold-individually","13":"shipping-taxable","14":"purchasable","15":"product-type-simple"},"_links":{"self":[{"href":"https:\/\/stampcurio.com\/hu\/wp-json\/wp\/v2\/product\/27423","targetHints":{"allow":["GET"]}}],"collection":[{"href":"https:\/\/stampcurio.com\/hu\/wp-json\/wp\/v2\/product"}],"about":[{"href":"https:\/\/stampcurio.com\/hu\/wp-json\/wp\/v2\/types\/product"}],"wp:featuredmedia":[{"embeddable":true,"href":"https:\/\/stampcurio.com\/hu\/wp-json\/wp\/v2\/media\/32965"}],"wp:attachment":[{"href":"https:\/\/stampcurio.com\/hu\/wp-json\/wp\/v2\/media?parent=27423"}],"wp:term":[{"taxonomy":"product_brand","embeddable":true,"href":"https:\/\/stampcurio.com\/hu\/wp-json\/wp\/v2\/product_brand?post=27423"},{"taxonomy":"product_cat","embeddable":true,"href":"https:\/\/stampcurio.com\/hu\/wp-json\/wp\/v2\/product_cat?post=27423"},{"taxonomy":"product_tag","embeddable":true,"href":"https:\/\/stampcurio.com\/hu\/wp-json\/wp\/v2\/product_tag?post=27423"}],"curies":[{"name":"wp","href":"https:\/\/api.w.org\/{rel}","templated":true}]}}