{"id":27422,"date":"2025-11-24T16:29:43","date_gmt":"2025-11-24T15:29:43","guid":{"rendered":"https:\/\/stampcurio.com\/product\/nagy-britannia-machin-tevnyomat\/"},"modified":"2026-01-05T15:11:51","modified_gmt":"2026-01-05T14:11:51","slug":"1988-nagy-britannia-skocia-14p-machin-tevnyomat-foszforfolt-a-belyegkepen","status":"publish","type":"product","link":"https:\/\/stampcurio.com\/hu\/termek\/1988-nagy-britannia-skocia-14p-machin-tevnyomat-foszforfolt-a-belyegkepen\/","title":{"rendered":"1988 Nagy-Britannia &#8211; Sk\u00f3cia &#8211; 14P machin t\u00e9vnyomat (foszforfolt a b\u00e9lyegk\u00e9pen)"},"content":{"rendered":"","protected":false},"excerpt":{"rendered":"","protected":false},"featured_media":35125,"template":"","meta":[],"product_brand":[],"product_cat":[1186],"product_tag":[1669,116,217,1006],"class_list":{"0":"post-27422","1":"product","2":"type-product","3":"status-publish","4":"has-post-thumbnail","6":"product_cat-brit-birodalom","7":"product_tag-3rd-auction","8":"product_tag-belyeg","9":"product_tag-tevnyomat","10":"product_tag-unsold","12":"first","13":"instock","14":"sold-individually","15":"shipping-taxable","16":"purchasable","17":"product-type-simple"},"_links":{"self":[{"href":"https:\/\/stampcurio.com\/hu\/wp-json\/wp\/v2\/product\/27422","targetHints":{"allow":["GET"]}}],"collection":[{"href":"https:\/\/stampcurio.com\/hu\/wp-json\/wp\/v2\/product"}],"about":[{"href":"https:\/\/stampcurio.com\/hu\/wp-json\/wp\/v2\/types\/product"}],"wp:featuredmedia":[{"embeddable":true,"href":"https:\/\/stampcurio.com\/hu\/wp-json\/wp\/v2\/media\/35125"}],"wp:attachment":[{"href":"https:\/\/stampcurio.com\/hu\/wp-json\/wp\/v2\/media?parent=27422"}],"wp:term":[{"taxonomy":"product_brand","embeddable":true,"href":"https:\/\/stampcurio.com\/hu\/wp-json\/wp\/v2\/product_brand?post=27422"},{"taxonomy":"product_cat","embeddable":true,"href":"https:\/\/stampcurio.com\/hu\/wp-json\/wp\/v2\/product_cat?post=27422"},{"taxonomy":"product_tag","embeddable":true,"href":"https:\/\/stampcurio.com\/hu\/wp-json\/wp\/v2\/product_tag?post=27422"}],"curies":[{"name":"wp","href":"https:\/\/api.w.org\/{rel}","templated":true}]}}